{"id":1461,"date":"2021-11-23T20:17:35","date_gmt":"2021-11-23T10:05:49","guid":{"rendered":"https:\/\/www.trataresort.si\/?page_id=1461"},"modified":"2024-07-31T14:05:10","modified_gmt":"2024-07-31T12:05:10","slug":"apartma-1","status":"publish","type":"page","link":"https:\/\/www.trataresort.si\/hr\/nastanitve\/pocitniska-hisa-2\/apartma-1\/","title":{"rendered":"Apartman 5+3 TERASA (br. 1)"},"content":{"rendered":"<div data-elementor-type=\"wp-page\" data-elementor-id=\"1461\" class=\"elementor elementor-1461\">\n\t\t\t\t\t\t<section class=\"elementor-section elementor-top-section elementor-element elementor-element-c0cbeda elementor-section-height-min-height elementor-section-items-top elementor-section-content-top elementor-section-stretched elementor-section-boxed elementor-section-height-default\" data-id=\"c0cbeda\" data-element_type=\"section\" data-settings=\"{&quot;stretch_section&quot;:&quot;section-stretched&quot;,&quot;background_background&quot;:&quot;slideshow&quot;,&quot;background_slideshow_gallery&quot;:[{&quot;id&quot;:4468,&quot;url&quot;:&quot;https:\\\/\\\/www.trataresort.si\\\/wp-content\\\/uploads\\\/2021\\\/12\\\/Tradicionalno-app1.jpg&quot;}],&quot;background_slideshow_loop&quot;:&quot;yes&quot;,&quot;background_slideshow_slide_duration&quot;:5000,&quot;background_slideshow_slide_transition&quot;:&quot;fade&quot;,&quot;background_slideshow_transition_duration&quot;:500}\">\n\t\t\t\t\t\t\t<div class=\"elementor-background-overlay\"><\/div>\n\t\t\t\t\t\t\t<div class=\"elementor-container elementor-column-gap-default\">\n\t\t\t\t\t<div class=\"elementor-column elementor-col-100 elementor-top-column elementor-element elementor-element-92ffc17\" data-id=\"92ffc17\" data-element_type=\"column\">\n\t\t\t<div class=\"elementor-widget-wrap elementor-element-populated\">\n\t\t\t\t\t\t<div class=\"elementor-element elementor-element-d11f450 elementor-widget elementor-widget-heading\" data-id=\"d11f450\" data-element_type=\"widget\" data-widget_type=\"heading.default\">\n\t\t\t\t<div class=\"elementor-widget-container\">\n\t\t\t\t\t<h1 class=\"elementor-heading-title elementor-size-default\">TRADICIONALNO<\/h1>\t\t\t\t<\/div>\n\t\t\t\t<\/div>\n\t\t\t\t\t<\/div>\n\t\t<\/div>\n\t\t\t\t\t<\/div>\n\t\t<\/section>\n\t\t\t\t<section class=\"elementor-section elementor-top-section elementor-element elementor-element-7155f8a elementor-section-stretched elementor-section-boxed elementor-section-height-default elementor-section-height-default\" data-id=\"7155f8a\" data-element_type=\"section\" data-settings=\"{&quot;stretch_section&quot;:&quot;section-stretched&quot;}\">\n\t\t\t\t\t\t<div class=\"elementor-container elementor-column-gap-default\">\n\t\t\t\t\t<div class=\"elementor-column elementor-col-50 elementor-top-column elementor-element elementor-element-a69b3a3\" data-id=\"a69b3a3\" data-element_type=\"column\">\n\t\t\t<div class=\"elementor-widget-wrap elementor-element-populated\">\n\t\t\t\t\t\t<div class=\"elementor-element elementor-element-9824a6e elementor-widget elementor-widget-heading\" data-id=\"9824a6e\" data-element_type=\"widget\" data-widget_type=\"heading.default\">\n\t\t\t\t<div class=\"elementor-widget-container\">\n\t\t\t\t\t<h2 class=\"elementor-heading-title elementor-size-default\">[bentral-text type=&quot;title&quot;]: NEMA ID-A OBJAVE<\/h2>\t\t\t\t<\/div>\n\t\t\t\t<\/div>\n\t\t\t\t<div class=\"elementor-element elementor-element-010ca22 elementor-widget elementor-widget-text-editor\" data-id=\"010ca22\" data-element_type=\"widget\" data-widget_type=\"text-editor.default\">\n\t\t\t\t<div class=\"elementor-widget-container\">\n\t\t\t\t\t\t\t\t\t<p><span style=\"font-size: 14px; line-height: 27px; color: #878788; float: left; letter-spacing: 2px; font-family: 'Roboto', sans-serif; margin-right: 10px;\">NEMA POST ID-a<\/span><\/p><p>***<\/p>\t\t\t\t\t\t\t\t<\/div>\n\t\t\t\t<\/div>\n\t\t\t\t<div class=\"elementor-element elementor-element-826e42f elementor-widget elementor-widget-text-editor\" data-id=\"826e42f\" data-element_type=\"widget\" data-widget_type=\"text-editor.default\">\n\t\t\t\t<div class=\"elementor-widget-container\">\n\t\t\t\t\t\t\t\t\t<p>[bentral-widget type=&quot;reviews&quot;]: NEMA ID-A OBJAVE: NEMA ID-A OBJAVE: NEMA ID-A OBJAVE: NEMA ID-A OBJAVE<\/p>\t\t\t\t\t\t\t\t<\/div>\n\t\t\t\t<\/div>\n\t\t\t\t<section class=\"elementor-section elementor-inner-section elementor-element elementor-element-d76085e elementor-section-boxed elementor-section-height-default elementor-section-height-default\" data-id=\"d76085e\" data-element_type=\"section\">\n\t\t\t\t\t\t<div class=\"elementor-container elementor-column-gap-default\">\n\t\t\t\t\t<div class=\"elementor-column elementor-col-20 elementor-inner-column elementor-element elementor-element-2924531\" data-id=\"2924531\" data-element_type=\"column\">\n\t\t\t<div class=\"elementor-widget-wrap elementor-element-populated\">\n\t\t\t\t\t\t<div class=\"elementor-element elementor-element-952d453 elementor-widget elementor-widget-image\" data-id=\"952d453\" data-element_type=\"widget\" data-widget_type=\"image.default\">\n\t\t\t\t<div class=\"elementor-widget-container\">\n\t\t\t\t\t\t\t\t\t\t\t\t\t\t\t<img decoding=\"async\" width=\"150\" height=\"150\" src=\"https:\/\/www.trataresort.si\/wp-content\/uploads\/2022\/01\/2-Osebe-150x150.png\" class=\"attachment-thumbnail size-thumbnail wp-image-6600\" alt=\"\" srcset=\"https:\/\/www.trataresort.si\/wp-content\/uploads\/2022\/01\/2-Osebe-150x150.png 150w, https:\/\/www.trataresort.si\/wp-content\/uploads\/2022\/01\/2-Osebe-300x300.png 300w, https:\/\/www.trataresort.si\/wp-content\/uploads\/2022\/01\/2-Osebe.png 406w\" sizes=\"(max-width: 150px) 100vw, 150px\" \/>\t\t\t\t\t\t\t\t\t\t\t\t\t\t\t<\/div>\n\t\t\t\t<\/div>\n\t\t\t\t<div class=\"elementor-element elementor-element-7938f4a elementor-widget elementor-widget-text-editor\" data-id=\"7938f4a\" data-element_type=\"widget\" data-widget_type=\"text-editor.default\">\n\t\t\t\t<div class=\"elementor-widget-container\">\n\t\t\t\t\t\t\t\t\t<p>DO 8 OSOBA<\/p>\t\t\t\t\t\t\t\t<\/div>\n\t\t\t\t<\/div>\n\t\t\t\t\t<\/div>\n\t\t<\/div>\n\t\t\t\t<div class=\"elementor-column elementor-col-20 elementor-inner-column elementor-element elementor-element-7ef4609\" data-id=\"7ef4609\" data-element_type=\"column\">\n\t\t\t<div class=\"elementor-widget-wrap elementor-element-populated\">\n\t\t\t\t\t\t<div class=\"elementor-element elementor-element-85697da elementor-widget elementor-widget-image\" data-id=\"85697da\" data-element_type=\"widget\" data-widget_type=\"image.default\">\n\t\t\t\t<div class=\"elementor-widget-container\">\n\t\t\t\t\t\t\t\t\t\t\t\t\t\t\t<img decoding=\"async\" width=\"150\" height=\"150\" src=\"https:\/\/www.trataresort.si\/wp-content\/uploads\/2022\/01\/2-Soba-150x150.png\" class=\"attachment-thumbnail size-thumbnail wp-image-6607\" alt=\"\" srcset=\"https:\/\/www.trataresort.si\/wp-content\/uploads\/2022\/01\/2-Soba-150x150.png 150w, https:\/\/www.trataresort.si\/wp-content\/uploads\/2022\/01\/2-Soba-300x300.png 300w, https:\/\/www.trataresort.si\/wp-content\/uploads\/2022\/01\/2-Soba.png 406w\" sizes=\"(max-width: 150px) 100vw, 150px\" \/>\t\t\t\t\t\t\t\t\t\t\t\t\t\t\t<\/div>\n\t\t\t\t<\/div>\n\t\t\t\t<div class=\"elementor-element elementor-element-7ed645a elementor-widget elementor-widget-text-editor\" data-id=\"7ed645a\" data-element_type=\"widget\" data-widget_type=\"text-editor.default\">\n\t\t\t\t<div class=\"elementor-widget-container\">\n\t\t\t\t\t\t\t\t\t<p>2 SPAVA\u0106E<\/p>\t\t\t\t\t\t\t\t<\/div>\n\t\t\t\t<\/div>\n\t\t\t\t\t<\/div>\n\t\t<\/div>\n\t\t\t\t<div class=\"elementor-column elementor-col-20 elementor-inner-column elementor-element elementor-element-2668a1b\" data-id=\"2668a1b\" data-element_type=\"column\">\n\t\t\t<div class=\"elementor-widget-wrap elementor-element-populated\">\n\t\t\t\t\t\t<div class=\"elementor-element elementor-element-578fadd elementor-widget elementor-widget-image\" data-id=\"578fadd\" data-element_type=\"widget\" data-widget_type=\"image.default\">\n\t\t\t\t<div class=\"elementor-widget-container\">\n\t\t\t\t\t\t\t\t\t\t\t\t\t\t\t<img decoding=\"async\" width=\"150\" height=\"150\" src=\"https:\/\/www.trataresort.si\/wp-content\/uploads\/2022\/01\/2-Terasa-150x150.png\" class=\"attachment-thumbnail size-thumbnail wp-image-6601\" alt=\"\" srcset=\"https:\/\/www.trataresort.si\/wp-content\/uploads\/2022\/01\/2-Terasa-150x150.png 150w, https:\/\/www.trataresort.si\/wp-content\/uploads\/2022\/01\/2-Terasa-300x300.png 300w, https:\/\/www.trataresort.si\/wp-content\/uploads\/2022\/01\/2-Terasa.png 406w\" sizes=\"(max-width: 150px) 100vw, 150px\" \/>\t\t\t\t\t\t\t\t\t\t\t\t\t\t\t<\/div>\n\t\t\t\t<\/div>\n\t\t\t\t<div class=\"elementor-element elementor-element-d2b7af4 elementor-widget elementor-widget-text-editor\" data-id=\"d2b7af4\" data-element_type=\"widget\" data-widget_type=\"text-editor.default\">\n\t\t\t\t<div class=\"elementor-widget-container\">\n\t\t\t\t\t\t\t\t\t<p>TERASA<\/p>\t\t\t\t\t\t\t\t<\/div>\n\t\t\t\t<\/div>\n\t\t\t\t\t<\/div>\n\t\t<\/div>\n\t\t\t\t<div class=\"elementor-column elementor-col-20 elementor-inner-column elementor-element elementor-element-08c0481\" data-id=\"08c0481\" data-element_type=\"column\">\n\t\t\t<div class=\"elementor-widget-wrap elementor-element-populated\">\n\t\t\t\t\t\t<div class=\"elementor-element elementor-element-9dd77f8 elementor-widget elementor-widget-image\" data-id=\"9dd77f8\" data-element_type=\"widget\" data-widget_type=\"image.default\">\n\t\t\t\t<div class=\"elementor-widget-container\">\n\t\t\t\t\t\t\t\t\t\t\t\t\t\t\t<img loading=\"lazy\" decoding=\"async\" width=\"150\" height=\"150\" src=\"https:\/\/www.trataresort.si\/wp-content\/uploads\/2022\/01\/2-Pes-150x150.png\" class=\"attachment-thumbnail size-thumbnail wp-image-6603\" alt=\"\" srcset=\"https:\/\/www.trataresort.si\/wp-content\/uploads\/2022\/01\/2-Pes-150x150.png 150w, https:\/\/www.trataresort.si\/wp-content\/uploads\/2022\/01\/2-Pes-300x300.png 300w, https:\/\/www.trataresort.si\/wp-content\/uploads\/2022\/01\/2-Pes.png 406w\" sizes=\"(max-width: 150px) 100vw, 150px\" \/>\t\t\t\t\t\t\t\t\t\t\t\t\t\t\t<\/div>\n\t\t\t\t<\/div>\n\t\t\t\t<div class=\"elementor-element elementor-element-1ec0051 elementor-widget elementor-widget-text-editor\" data-id=\"1ec0051\" data-element_type=\"widget\" data-widget_type=\"text-editor.default\">\n\t\t\t\t<div class=\"elementor-widget-container\">\n\t\t\t\t\t\t\t\t\t<p>PSI DOBRODO\u0160LI<\/p>\t\t\t\t\t\t\t\t<\/div>\n\t\t\t\t<\/div>\n\t\t\t\t\t<\/div>\n\t\t<\/div>\n\t\t\t\t<div class=\"elementor-column elementor-col-20 elementor-inner-column elementor-element elementor-element-4732ff7\" data-id=\"4732ff7\" data-element_type=\"column\">\n\t\t\t<div class=\"elementor-widget-wrap elementor-element-populated\">\n\t\t\t\t\t\t<div class=\"elementor-element elementor-element-d7b71ec elementor-widget elementor-widget-image\" data-id=\"d7b71ec\" data-element_type=\"widget\" data-widget_type=\"image.default\">\n\t\t\t\t<div class=\"elementor-widget-container\">\n\t\t\t\t\t\t\t\t\t\t\t\t\t\t\t<img loading=\"lazy\" decoding=\"async\" width=\"100\" height=\"100\" src=\"https:\/\/www.trataresort.si\/wp-content\/uploads\/2021\/12\/floor-t.png\" class=\"attachment-thumbnail size-thumbnail wp-image-4373\" alt=\"\" srcset=\"https:\/\/www.trataresort.si\/wp-content\/uploads\/2021\/12\/floor-t.png 100w, https:\/\/www.trataresort.si\/wp-content\/uploads\/2021\/12\/floor-t-12x12.png 12w\" sizes=\"(max-width: 100px) 100vw, 100px\" \/>\t\t\t\t\t\t\t\t\t\t\t\t\t\t\t<\/div>\n\t\t\t\t<\/div>\n\t\t\t\t<div class=\"elementor-element elementor-element-7a971c9 elementor-widget elementor-widget-text-editor\" data-id=\"7a971c9\" data-element_type=\"widget\" data-widget_type=\"text-editor.default\">\n\t\t\t\t<div class=\"elementor-widget-container\">\n\t\t\t\t\t\t\t\t\t<p>NEMA POST ID-a<\/p>\t\t\t\t\t\t\t\t<\/div>\n\t\t\t\t<\/div>\n\t\t\t\t\t<\/div>\n\t\t<\/div>\n\t\t\t\t\t<\/div>\n\t\t<\/section>\n\t\t\t\t<div class=\"elementor-element elementor-element-3d33fc9 elementor-widget elementor-widget-text-editor\" data-id=\"3d33fc9\" data-element_type=\"widget\" data-widget_type=\"text-editor.default\">\n\t\t\t\t<div class=\"elementor-widget-container\">\n\t\t\t\t\t\t\t\t\t<p>Nudi vam dnevni boravak s dva kreveta za jednu osobu 2 x 90 x 200, oba mogu poslu\u017eiti i kao kau\u010d, dvije spava\u0107e sobe, jedna s bra\u010dnim krevetom 160 x 200 i naslonja\u010dem na razvla\u010denje kao pomo\u0107ni le\u017eaj za puni kapacitet 8 osoba, a druga s bra\u010dnim krevetom 2 x 90 x 200 i krevetom za jednu osobu 90 x 200, kupaonicom (kadom),  odvojeni WC, zasebna blagovaonica i zasebna kuhinja. Apartman ima izlaz u vrt s prekrasnim pogledom na planinu \u0160pik, gdje mo\u017eete popiti svoj omiljeni napitak dok gledate u raj koji vas okru\u017euje.<\/p>\n<p><br><\/p>\n<p><\/p>\n<p><span style=\"text-decoration: underline;\"><strong>Oprema:<\/strong><\/span> LCD TV, Wi-Fi, kerami\u010dki \u0161tednjak, perilica posu\u0111a, mikrovalna pe\u0107nica, hladnjak sa zamrziva\u010dem, kuhalo za vodu, aparat za kavu, kuhinjski pribor, su\u0161ilo za kosu, posteljina i ru\u010dnici.<\/p>\t\t\t\t\t\t\t\t<\/div>\n\t\t\t\t<\/div>\n\t\t\t\t<div class=\"elementor-element elementor-element-89d9be2 elementor-widget elementor-widget-heading\" data-id=\"89d9be2\" data-element_type=\"widget\" data-widget_type=\"heading.default\">\n\t\t\t\t<div class=\"elementor-widget-container\">\n\t\t\t\t\t<h1 class=\"elementor-heading-title elementor-size-default\">PRO\u0160ETAJTE PO APARTMANU<\/h1>\t\t\t\t<\/div>\n\t\t\t\t<\/div>\n\t\t\t\t<div class=\"elementor-element elementor-element-2cdd333 elementor-widget elementor-widget-video\" data-id=\"2cdd333\" data-element_type=\"widget\" data-settings=\"{&quot;youtube_url&quot;:&quot;youtube.com\\\/watch?v=svizs0RlAeU&quot;,&quot;video_type&quot;:&quot;youtube&quot;,&quot;controls&quot;:&quot;yes&quot;}\" data-widget_type=\"video.default\">\n\t\t\t\t<div class=\"elementor-widget-container\">\n\t\t\t\t\t\t\t<div class=\"elementor-wrapper elementor-open-inline\">\n\t\t\t<div class=\"elementor-video\"><\/div>\t\t<\/div>\n\t\t\t\t\t\t<\/div>\n\t\t\t\t<\/div>\n\t\t\t\t\t<\/div>\n\t\t<\/div>\n\t\t\t\t<div class=\"elementor-column elementor-col-50 elementor-top-column elementor-element elementor-element-58a95b1\" data-id=\"58a95b1\" data-element_type=\"column\">\n\t\t\t<div class=\"elementor-widget-wrap elementor-element-populated\">\n\t\t\t\t\t\t<div class=\"elementor-element elementor-element-237b0a4 elementor-widget elementor-widget-shortcode\" data-id=\"237b0a4\" data-element_type=\"widget\" data-widget_type=\"shortcode.default\">\n\t\t\t\t<div class=\"elementor-widget-container\">\n\t\t\t\t\t\t\t<div class=\"elementor-shortcode\">[bentral-widget type=&quot;reservation&quot;]: NEMA ID-A OBJAVE: NEMA ID-a OBJAVE<\/div>\n\t\t\t\t\t\t<\/div>\n\t\t\t\t<\/div>\n\t\t\t\t\t<\/div>\n\t\t<\/div>\n\t\t\t\t\t<\/div>\n\t\t<\/section>\n\t\t\t\t<section class=\"elementor-section elementor-top-section elementor-element elementor-element-c3b3fa3 elementor-section-stretched elementor-section-boxed elementor-section-height-default elementor-section-height-default\" data-id=\"c3b3fa3\" data-element_type=\"section\" data-settings=\"{&quot;stretch_section&quot;:&quot;section-stretched&quot;,&quot;background_background&quot;:&quot;classic&quot;}\">\n\t\t\t\t\t\t<div class=\"elementor-container elementor-column-gap-default\">\n\t\t\t\t\t<div class=\"elementor-column elementor-col-100 elementor-top-column elementor-element elementor-element-f8cc588\" data-id=\"f8cc588\" data-element_type=\"column\">\n\t\t\t<div class=\"elementor-widget-wrap elementor-element-populated\">\n\t\t\t\t\t\t<div class=\"elementor-element elementor-element-819d417 elementor-widget elementor-widget-text-editor\" data-id=\"819d417\" data-element_type=\"widget\" data-widget_type=\"text-editor.default\">\n\t\t\t\t<div class=\"elementor-widget-container\">\n\t\t\t\t\t\t\t\t\t<p>[bentralni_kalendar]<br \/>[bentral-widget type=&quot;price&quot;]: NEMA ID-A OBJAVE: NEMA ID-A OBJAVE: NEMA ID-A OBJAVE: NEMA ID-A OBJAVE<\/p>\t\t\t\t\t\t\t\t<\/div>\n\t\t\t\t<\/div>\n\t\t\t\t\t<\/div>\n\t\t<\/div>\n\t\t\t\t\t<\/div>\n\t\t<\/section>\n\t\t\t\t<\/div>","protected":false},"excerpt":{"rendered":"<p>TRADICIONALNO *** DO 8 OSOBA 2 SPAVA\u0106E SOBE TERASA PSI DOBRODO\u0160LI Nudi dnevni boravak s dva kreveta za jednu osobu dimenzija 90 x 200 koji ujedno slu\u017ee i kao kau\u010d, dvije spava\u0107e sobe od kojih je jedna s bra\u010dnim krevetom dimenzija 160 x 200 i na razvla\u010denje. vanjska fotelja kao pomo\u0107ni le\u017eaj za 8 osoba i jo\u0161 jedna s bra\u010dnim krevetom dimenzija 2 [...]<\/p>","protected":false},"author":1,"featured_media":0,"parent":4443,"menu_order":0,"comment_status":"closed","ping_status":"closed","template":"","meta":{"footnotes":""},"class_list":["post-1461","page","type-page","status-publish","hentry"],"_links":{"self":[{"href":"https:\/\/www.trataresort.si\/hr\/wp-json\/wp\/v2\/pages\/1461","targetHints":{"allow":["GET"]}}],"collection":[{"href":"https:\/\/www.trataresort.si\/hr\/wp-json\/wp\/v2\/pages"}],"about":[{"href":"https:\/\/www.trataresort.si\/hr\/wp-json\/wp\/v2\/types\/page"}],"author":[{"embeddable":true,"href":"https:\/\/www.trataresort.si\/hr\/wp-json\/wp\/v2\/users\/1"}],"replies":[{"embeddable":true,"href":"https:\/\/www.trataresort.si\/hr\/wp-json\/wp\/v2\/comments?post=1461"}],"version-history":[{"count":669,"href":"https:\/\/www.trataresort.si\/hr\/wp-json\/wp\/v2\/pages\/1461\/revisions"}],"predecessor-version":[{"id":7952,"href":"https:\/\/www.trataresort.si\/hr\/wp-json\/wp\/v2\/pages\/1461\/revisions\/7952"}],"up":[{"embeddable":true,"href":"https:\/\/www.trataresort.si\/hr\/wp-json\/wp\/v2\/pages\/4443"}],"wp:attachment":[{"href":"https:\/\/www.trataresort.si\/hr\/wp-json\/wp\/v2\/media?parent=1461"}],"curies":[{"name":"wp","href":"https:\/\/api.w.org\/{rel}","templated":true}]}}