{"id":1667,"date":"2021-11-23T20:17:35","date_gmt":"2021-11-23T12:33:14","guid":{"rendered":"https:\/\/www.trataresort.si\/?page_id=1667"},"modified":"2024-07-31T13:47:09","modified_gmt":"2024-07-31T11:47:09","slug":"apartma-2","status":"publish","type":"page","link":"https:\/\/www.trataresort.si\/hr\/nastanitve\/pocitniska-hisa-2\/apartma-2\/","title":{"rendered":"Apartman 5+3 BALKON (br. 2)"},"content":{"rendered":"<div data-elementor-type=\"wp-page\" data-elementor-id=\"1667\" class=\"elementor elementor-1667\">\n\t\t\t\t\t\t<section class=\"elementor-section elementor-top-section elementor-element elementor-element-7c4e2b6b elementor-section-height-min-height elementor-section-items-top elementor-section-content-top elementor-section-stretched elementor-section-boxed elementor-section-height-default\" data-id=\"7c4e2b6b\" data-element_type=\"section\" data-settings=\"{&quot;stretch_section&quot;:&quot;section-stretched&quot;,&quot;background_background&quot;:&quot;slideshow&quot;,&quot;background_slideshow_gallery&quot;:[{&quot;id&quot;:4469,&quot;url&quot;:&quot;https:\\\/\\\/www.trataresort.si\\\/wp-content\\\/uploads\\\/2021\\\/12\\\/Prostorno-app2.jpg&quot;}],&quot;background_slideshow_loop&quot;:&quot;yes&quot;,&quot;background_slideshow_slide_duration&quot;:5000,&quot;background_slideshow_slide_transition&quot;:&quot;fade&quot;,&quot;background_slideshow_transition_duration&quot;:500}\">\n\t\t\t\t\t\t\t<div class=\"elementor-background-overlay\"><\/div>\n\t\t\t\t\t\t\t<div class=\"elementor-container elementor-column-gap-default\">\n\t\t\t\t\t<div class=\"elementor-column elementor-col-100 elementor-top-column elementor-element elementor-element-2f5d6c5d\" data-id=\"2f5d6c5d\" data-element_type=\"column\">\n\t\t\t<div class=\"elementor-widget-wrap elementor-element-populated\">\n\t\t\t\t\t\t<div class=\"elementor-element elementor-element-1e2c1883 elementor-widget elementor-widget-heading\" data-id=\"1e2c1883\" data-element_type=\"widget\" data-widget_type=\"heading.default\">\n\t\t\t\t<div class=\"elementor-widget-container\">\n\t\t\t\t\t<h1 class=\"elementor-heading-title elementor-size-default\">PROSTRANO<\/h1>\t\t\t\t<\/div>\n\t\t\t\t<\/div>\n\t\t\t\t\t<\/div>\n\t\t<\/div>\n\t\t\t\t\t<\/div>\n\t\t<\/section>\n\t\t\t\t<section class=\"elementor-section elementor-top-section elementor-element elementor-element-7ad2d172 elementor-section-stretched elementor-section-boxed elementor-section-height-default elementor-section-height-default\" data-id=\"7ad2d172\" data-element_type=\"section\" data-settings=\"{&quot;stretch_section&quot;:&quot;section-stretched&quot;}\">\n\t\t\t\t\t\t<div class=\"elementor-container elementor-column-gap-default\">\n\t\t\t\t\t<div class=\"elementor-column elementor-col-50 elementor-top-column elementor-element elementor-element-70ff1142\" data-id=\"70ff1142\" data-element_type=\"column\">\n\t\t\t<div class=\"elementor-widget-wrap elementor-element-populated\">\n\t\t\t\t\t\t<div class=\"elementor-element elementor-element-683ea429 elementor-widget elementor-widget-heading\" data-id=\"683ea429\" data-element_type=\"widget\" data-widget_type=\"heading.default\">\n\t\t\t\t<div class=\"elementor-widget-container\">\n\t\t\t\t\t<h2 class=\"elementor-heading-title elementor-size-default\">[bentral-text type=&quot;title&quot;]: NEMA ID-A OBJAVE<\/h2>\t\t\t\t<\/div>\n\t\t\t\t<\/div>\n\t\t\t\t<div class=\"elementor-element elementor-element-38c5ceba elementor-widget elementor-widget-text-editor\" data-id=\"38c5ceba\" data-element_type=\"widget\" data-widget_type=\"text-editor.default\">\n\t\t\t\t<div class=\"elementor-widget-container\">\n\t\t\t\t\t\t\t\t\t<p><span style=\"font-size: 14px; line-height: 27px; color: #878788; float: left; letter-spacing: 2px; font-family: 'Roboto', sans-serif; margin-right: 10px;\">NEMA POST ID-a<\/span><\/p><p>***<\/p>\t\t\t\t\t\t\t\t<\/div>\n\t\t\t\t<\/div>\n\t\t\t\t<div class=\"elementor-element elementor-element-186a773f elementor-widget elementor-widget-text-editor\" data-id=\"186a773f\" data-element_type=\"widget\" data-widget_type=\"text-editor.default\">\n\t\t\t\t<div class=\"elementor-widget-container\">\n\t\t\t\t\t\t\t\t\t<p>[bentral-widget type=&quot;reviews&quot;]: NEMA ID-A OBJAVE: NEMA ID-A OBJAVE: NEMA ID-A OBJAVE: NEMA ID-A OBJAVE<\/p>\t\t\t\t\t\t\t\t<\/div>\n\t\t\t\t<\/div>\n\t\t\t\t<section class=\"elementor-section elementor-inner-section elementor-element elementor-element-172af44 elementor-section-boxed elementor-section-height-default elementor-section-height-default\" data-id=\"172af44\" data-element_type=\"section\">\n\t\t\t\t\t\t<div class=\"elementor-container elementor-column-gap-default\">\n\t\t\t\t\t<div class=\"elementor-column elementor-col-20 elementor-inner-column elementor-element elementor-element-7541cd4a\" data-id=\"7541cd4a\" data-element_type=\"column\">\n\t\t\t<div class=\"elementor-widget-wrap elementor-element-populated\">\n\t\t\t\t\t\t<div class=\"elementor-element elementor-element-40f22141 elementor-widget elementor-widget-image\" data-id=\"40f22141\" data-element_type=\"widget\" data-widget_type=\"image.default\">\n\t\t\t\t<div class=\"elementor-widget-container\">\n\t\t\t\t\t\t\t\t\t\t\t\t\t\t\t<img decoding=\"async\" width=\"150\" height=\"150\" src=\"https:\/\/www.trataresort.si\/wp-content\/uploads\/2022\/01\/2-Osebe-150x150.png\" class=\"attachment-thumbnail size-thumbnail wp-image-6600\" alt=\"\" srcset=\"https:\/\/www.trataresort.si\/wp-content\/uploads\/2022\/01\/2-Osebe-150x150.png 150w, https:\/\/www.trataresort.si\/wp-content\/uploads\/2022\/01\/2-Osebe-300x300.png 300w, https:\/\/www.trataresort.si\/wp-content\/uploads\/2022\/01\/2-Osebe.png 406w\" sizes=\"(max-width: 150px) 100vw, 150px\" \/>\t\t\t\t\t\t\t\t\t\t\t\t\t\t\t<\/div>\n\t\t\t\t<\/div>\n\t\t\t\t<div class=\"elementor-element elementor-element-bd0e500 elementor-widget elementor-widget-text-editor\" data-id=\"bd0e500\" data-element_type=\"widget\" data-widget_type=\"text-editor.default\">\n\t\t\t\t<div class=\"elementor-widget-container\">\n\t\t\t\t\t\t\t\t\t<p>DO 8 OSOBA<\/p>\t\t\t\t\t\t\t\t<\/div>\n\t\t\t\t<\/div>\n\t\t\t\t\t<\/div>\n\t\t<\/div>\n\t\t\t\t<div class=\"elementor-column elementor-col-20 elementor-inner-column elementor-element elementor-element-94a466d\" data-id=\"94a466d\" data-element_type=\"column\">\n\t\t\t<div class=\"elementor-widget-wrap elementor-element-populated\">\n\t\t\t\t\t\t<div class=\"elementor-element elementor-element-67008817 elementor-widget elementor-widget-image\" data-id=\"67008817\" data-element_type=\"widget\" data-widget_type=\"image.default\">\n\t\t\t\t<div class=\"elementor-widget-container\">\n\t\t\t\t\t\t\t\t\t\t\t\t\t\t\t<img decoding=\"async\" width=\"150\" height=\"150\" src=\"https:\/\/www.trataresort.si\/wp-content\/uploads\/2022\/01\/2-Soba-150x150.png\" class=\"attachment-thumbnail size-thumbnail wp-image-6607\" alt=\"\" srcset=\"https:\/\/www.trataresort.si\/wp-content\/uploads\/2022\/01\/2-Soba-150x150.png 150w, https:\/\/www.trataresort.si\/wp-content\/uploads\/2022\/01\/2-Soba-300x300.png 300w, https:\/\/www.trataresort.si\/wp-content\/uploads\/2022\/01\/2-Soba.png 406w\" sizes=\"(max-width: 150px) 100vw, 150px\" \/>\t\t\t\t\t\t\t\t\t\t\t\t\t\t\t<\/div>\n\t\t\t\t<\/div>\n\t\t\t\t<div class=\"elementor-element elementor-element-2bef1336 elementor-widget elementor-widget-text-editor\" data-id=\"2bef1336\" data-element_type=\"widget\" data-widget_type=\"text-editor.default\">\n\t\t\t\t<div class=\"elementor-widget-container\">\n\t\t\t\t\t\t\t\t\t<p>2 SPAVA\u0106E<\/p>\t\t\t\t\t\t\t\t<\/div>\n\t\t\t\t<\/div>\n\t\t\t\t\t<\/div>\n\t\t<\/div>\n\t\t\t\t<div class=\"elementor-column elementor-col-20 elementor-inner-column elementor-element elementor-element-adbf49e\" data-id=\"adbf49e\" data-element_type=\"column\">\n\t\t\t<div class=\"elementor-widget-wrap elementor-element-populated\">\n\t\t\t\t\t\t<div class=\"elementor-element elementor-element-623bd78 elementor-widget elementor-widget-image\" data-id=\"623bd78\" data-element_type=\"widget\" data-widget_type=\"image.default\">\n\t\t\t\t<div class=\"elementor-widget-container\">\n\t\t\t\t\t\t\t\t\t\t\t\t\t\t\t<img decoding=\"async\" width=\"150\" height=\"150\" src=\"https:\/\/www.trataresort.si\/wp-content\/uploads\/2022\/01\/2-Balkon-150x150.png\" class=\"attachment-thumbnail size-thumbnail wp-image-6621\" alt=\"\" srcset=\"https:\/\/www.trataresort.si\/wp-content\/uploads\/2022\/01\/2-Balkon-150x150.png 150w, https:\/\/www.trataresort.si\/wp-content\/uploads\/2022\/01\/2-Balkon-300x300.png 300w, https:\/\/www.trataresort.si\/wp-content\/uploads\/2022\/01\/2-Balkon.png 406w\" sizes=\"(max-width: 150px) 100vw, 150px\" \/>\t\t\t\t\t\t\t\t\t\t\t\t\t\t\t<\/div>\n\t\t\t\t<\/div>\n\t\t\t\t<div class=\"elementor-element elementor-element-116b3db elementor-widget elementor-widget-text-editor\" data-id=\"116b3db\" data-element_type=\"widget\" data-widget_type=\"text-editor.default\">\n\t\t\t\t<div class=\"elementor-widget-container\">\n\t\t\t\t\t\t\t\t\t<p>BALKON<\/p>\t\t\t\t\t\t\t\t<\/div>\n\t\t\t\t<\/div>\n\t\t\t\t\t<\/div>\n\t\t<\/div>\n\t\t\t\t<div class=\"elementor-column elementor-col-20 elementor-inner-column elementor-element elementor-element-2e1a403\" data-id=\"2e1a403\" data-element_type=\"column\">\n\t\t\t<div class=\"elementor-widget-wrap elementor-element-populated\">\n\t\t\t\t\t\t<div class=\"elementor-element elementor-element-86edd3d elementor-widget elementor-widget-image\" data-id=\"86edd3d\" data-element_type=\"widget\" data-widget_type=\"image.default\">\n\t\t\t\t<div class=\"elementor-widget-container\">\n\t\t\t\t\t\t\t\t\t\t\t\t\t\t\t<img loading=\"lazy\" decoding=\"async\" width=\"150\" height=\"150\" src=\"https:\/\/www.trataresort.si\/wp-content\/uploads\/2022\/01\/2-Pes-150x150.png\" class=\"attachment-thumbnail size-thumbnail wp-image-6603\" alt=\"\" srcset=\"https:\/\/www.trataresort.si\/wp-content\/uploads\/2022\/01\/2-Pes-150x150.png 150w, https:\/\/www.trataresort.si\/wp-content\/uploads\/2022\/01\/2-Pes-300x300.png 300w, https:\/\/www.trataresort.si\/wp-content\/uploads\/2022\/01\/2-Pes.png 406w\" sizes=\"(max-width: 150px) 100vw, 150px\" \/>\t\t\t\t\t\t\t\t\t\t\t\t\t\t\t<\/div>\n\t\t\t\t<\/div>\n\t\t\t\t<div class=\"elementor-element elementor-element-e0b5d09 elementor-widget elementor-widget-text-editor\" data-id=\"e0b5d09\" data-element_type=\"widget\" data-widget_type=\"text-editor.default\">\n\t\t\t\t<div class=\"elementor-widget-container\">\n\t\t\t\t\t\t\t\t\t<p>PSI DOBRODO\u0160LI<\/p>\t\t\t\t\t\t\t\t<\/div>\n\t\t\t\t<\/div>\n\t\t\t\t\t<\/div>\n\t\t<\/div>\n\t\t\t\t<div class=\"elementor-column elementor-col-20 elementor-inner-column elementor-element elementor-element-40e5e909\" data-id=\"40e5e909\" data-element_type=\"column\">\n\t\t\t<div class=\"elementor-widget-wrap elementor-element-populated\">\n\t\t\t\t\t\t<div class=\"elementor-element elementor-element-2461630a elementor-widget elementor-widget-image\" data-id=\"2461630a\" data-element_type=\"widget\" data-widget_type=\"image.default\">\n\t\t\t\t<div class=\"elementor-widget-container\">\n\t\t\t\t\t\t\t\t\t\t\t\t\t\t\t<img loading=\"lazy\" decoding=\"async\" width=\"150\" height=\"150\" src=\"https:\/\/www.trataresort.si\/wp-content\/uploads\/2022\/01\/2-Kvadratura-150x150.png\" class=\"attachment-thumbnail size-thumbnail wp-image-6602\" alt=\"\" srcset=\"https:\/\/www.trataresort.si\/wp-content\/uploads\/2022\/01\/2-Kvadratura-150x150.png 150w, https:\/\/www.trataresort.si\/wp-content\/uploads\/2022\/01\/2-Kvadratura-300x300.png 300w, https:\/\/www.trataresort.si\/wp-content\/uploads\/2022\/01\/2-Kvadratura.png 406w\" sizes=\"(max-width: 150px) 100vw, 150px\" \/>\t\t\t\t\t\t\t\t\t\t\t\t\t\t\t<\/div>\n\t\t\t\t<\/div>\n\t\t\t\t<div class=\"elementor-element elementor-element-1bd0221e elementor-widget elementor-widget-text-editor\" data-id=\"1bd0221e\" data-element_type=\"widget\" data-widget_type=\"text-editor.default\">\n\t\t\t\t<div class=\"elementor-widget-container\">\n\t\t\t\t\t\t\t\t\t<p>NEMA POST ID-a<\/p>\t\t\t\t\t\t\t\t<\/div>\n\t\t\t\t<\/div>\n\t\t\t\t\t<\/div>\n\t\t<\/div>\n\t\t\t\t\t<\/div>\n\t\t<\/section>\n\t\t\t\t<div class=\"elementor-element elementor-element-21ca79b9 elementor-widget elementor-widget-text-editor\" data-id=\"21ca79b9\" data-element_type=\"widget\" data-widget_type=\"text-editor.default\">\n\t\t\t\t<div class=\"elementor-widget-container\">\n\t\t\t\t\t\t\t\t\t<p>Nalazi se na prvom katu i nudi dnevni boravak s velikim, masivnim kau\u010dem, koji tako\u0111er slu\u017ei kao krevet za dvije osobe i dodatni pomo\u0107ni le\u017eaj za puni kapacitet 8 osoba, dvije spava\u0107e sobe, jednu s bra\u010dnim krevetom 160 x 200, a drugu s bra\u010dnim krevetom 2 x 90 x 200 i krevetom za jednu osobu 90 x 200,  kupaonicu (kadu), odvojeni WC, blagovaonicu i zasebnu kuhinju. Apartman ima balkon s dvije strane ku\u0107e, \u0161to zna\u010di da \u0107ete mo\u0107i u\u017eivati u svim najboljim pogledima koje ku\u0107a mo\u017ee pru\u017eiti.&nbsp;<\/p><p><br><\/p>\n<p><\/p>\n<p><span style=\"text-decoration: underline;\"><strong>Oprema:<\/strong><\/span> LCD TV, Wi-Fi, kerami\u010dki \u0161tednjak, perilica posu\u0111a, mikrovalna pe\u0107nica, hladnjak sa zamrziva\u010dem, kuhalo za vodu, aparat za kavu, kuhinjski pribor, su\u0161ilo za kosu, posteljina i ru\u010dnici.<\/p>\t\t\t\t\t\t\t\t<\/div>\n\t\t\t\t<\/div>\n\t\t\t\t<div class=\"elementor-element elementor-element-206de2d1 elementor-widget elementor-widget-heading\" data-id=\"206de2d1\" data-element_type=\"widget\" data-widget_type=\"heading.default\">\n\t\t\t\t<div class=\"elementor-widget-container\">\n\t\t\t\t\t<h1 class=\"elementor-heading-title elementor-size-default\">PRO\u0160ETAJTE PO APARTMANU<\/h1>\t\t\t\t<\/div>\n\t\t\t\t<\/div>\n\t\t\t\t<div class=\"elementor-element elementor-element-7ef1e28 elementor-widget elementor-widget-video\" data-id=\"7ef1e28\" data-element_type=\"widget\" data-settings=\"{&quot;youtube_url&quot;:&quot;youtube.com\\\/watch?v=T9nUJUGYaMw&quot;,&quot;video_type&quot;:&quot;youtube&quot;,&quot;controls&quot;:&quot;yes&quot;}\" data-widget_type=\"video.default\">\n\t\t\t\t<div class=\"elementor-widget-container\">\n\t\t\t\t\t\t\t<div class=\"elementor-wrapper elementor-open-inline\">\n\t\t\t<div class=\"elementor-video\"><\/div>\t\t<\/div>\n\t\t\t\t\t\t<\/div>\n\t\t\t\t<\/div>\n\t\t\t\t<div class=\"elementor-element elementor-element-52899dc3 elementor-widget elementor-widget-heading\" data-id=\"52899dc3\" data-element_type=\"widget\" data-widget_type=\"heading.default\">\n\t\t\t\t<div class=\"elementor-widget-container\">\n\t\t\t\t\t<h1 class=\"elementor-heading-title elementor-size-default\">Ostale ponude na na\u0161em podru\u010dju<\/h1>\t\t\t\t<\/div>\n\t\t\t\t<\/div>\n\t\t\t\t\t<\/div>\n\t\t<\/div>\n\t\t\t\t<div class=\"elementor-column elementor-col-50 elementor-top-column elementor-element elementor-element-272ca671\" data-id=\"272ca671\" data-element_type=\"column\">\n\t\t\t<div class=\"elementor-widget-wrap elementor-element-populated\">\n\t\t\t\t\t\t<div class=\"elementor-element elementor-element-4610ce13 elementor-widget elementor-widget-shortcode\" data-id=\"4610ce13\" data-element_type=\"widget\" data-widget_type=\"shortcode.default\">\n\t\t\t\t<div class=\"elementor-widget-container\">\n\t\t\t\t\t\t\t<div class=\"elementor-shortcode\">[bentral-widget type=&quot;reservation&quot;]: NEMA ID-A OBJAVE: NEMA ID-a OBJAVE<\/div>\n\t\t\t\t\t\t<\/div>\n\t\t\t\t<\/div>\n\t\t\t\t\t<\/div>\n\t\t<\/div>\n\t\t\t\t\t<\/div>\n\t\t<\/section>\n\t\t\t\t<section class=\"elementor-section elementor-top-section elementor-element elementor-element-3393e13 elementor-section-stretched elementor-section-boxed elementor-section-height-default elementor-section-height-default\" data-id=\"3393e13\" data-element_type=\"section\" data-settings=\"{&quot;stretch_section&quot;:&quot;section-stretched&quot;,&quot;background_background&quot;:&quot;classic&quot;}\">\n\t\t\t\t\t\t<div class=\"elementor-container elementor-column-gap-default\">\n\t\t\t\t\t<div class=\"elementor-column elementor-col-100 elementor-top-column elementor-element elementor-element-1f46deb\" data-id=\"1f46deb\" data-element_type=\"column\">\n\t\t\t<div class=\"elementor-widget-wrap elementor-element-populated\">\n\t\t\t\t\t\t<div class=\"elementor-element elementor-element-c7f8c3d elementor-widget elementor-widget-text-editor\" data-id=\"c7f8c3d\" data-element_type=\"widget\" data-widget_type=\"text-editor.default\">\n\t\t\t\t<div class=\"elementor-widget-container\">\n\t\t\t\t\t\t\t\t\t<p>[bentralni_kalendar]<br \/>[bentral-widget type=&quot;price&quot;]: NEMA ID-A OBJAVE: NEMA ID-A OBJAVE: NEMA ID-A OBJAVE: NEMA ID-A OBJAVE<\/p>\t\t\t\t\t\t\t\t<\/div>\n\t\t\t\t<\/div>\n\t\t\t\t\t<\/div>\n\t\t<\/div>\n\t\t\t\t\t<\/div>\n\t\t<\/section>\n\t\t\t\t<\/div>","protected":false},"excerpt":{"rendered":"<p>PROSTRANO *** DO 8 OSOBA 2 SPAVA\u0106E SOBE BALKON PSI DOBRODO\u0160LI Nalazi se na prvom katu i nudi dnevni boravak s velikim \u010dvrstim kau\u010dem, koji ujedno slu\u017ei i kao le\u017eaj za dvije osobe i dodatni pomo\u0107ni le\u017eaj za 8 osoba, dvije spava\u0107e sobe, jedna s bra\u010dnim krevetom dimenzija 160 x 200 i druga s bra\u010dnim krevetom [...]<\/p>","protected":false},"author":1,"featured_media":0,"parent":4443,"menu_order":1,"comment_status":"closed","ping_status":"closed","template":"","meta":{"footnotes":""},"class_list":["post-1667","page","type-page","status-publish","hentry"],"_links":{"self":[{"href":"https:\/\/www.trataresort.si\/hr\/wp-json\/wp\/v2\/pages\/1667","targetHints":{"allow":["GET"]}}],"collection":[{"href":"https:\/\/www.trataresort.si\/hr\/wp-json\/wp\/v2\/pages"}],"about":[{"href":"https:\/\/www.trataresort.si\/hr\/wp-json\/wp\/v2\/types\/page"}],"author":[{"embeddable":true,"href":"https:\/\/www.trataresort.si\/hr\/wp-json\/wp\/v2\/users\/1"}],"replies":[{"embeddable":true,"href":"https:\/\/www.trataresort.si\/hr\/wp-json\/wp\/v2\/comments?post=1667"}],"version-history":[{"count":115,"href":"https:\/\/www.trataresort.si\/hr\/wp-json\/wp\/v2\/pages\/1667\/revisions"}],"predecessor-version":[{"id":7946,"href":"https:\/\/www.trataresort.si\/hr\/wp-json\/wp\/v2\/pages\/1667\/revisions\/7946"}],"up":[{"embeddable":true,"href":"https:\/\/www.trataresort.si\/hr\/wp-json\/wp\/v2\/pages\/4443"}],"wp:attachment":[{"href":"https:\/\/www.trataresort.si\/hr\/wp-json\/wp\/v2\/media?parent=1667"}],"curies":[{"name":"wp","href":"https:\/\/api.w.org\/{rel}","templated":true}]}}