{"id":2227,"date":"2021-11-23T20:17:35","date_gmt":"2021-11-23T17:33:08","guid":{"rendered":"https:\/\/www.trataresort.si\/?page_id=2227"},"modified":"2024-07-31T13:41:35","modified_gmt":"2024-07-31T11:41:35","slug":"apartma-4","status":"publish","type":"page","link":"https:\/\/www.trataresort.si\/hr\/nastanitve\/domacija\/apartma-4\/","title":{"rendered":"Apartman 2+2 STUDIO (br. 4)"},"content":{"rendered":"<div data-elementor-type=\"wp-page\" data-elementor-id=\"2227\" class=\"elementor elementor-2227\">\n\t\t\t\t\t\t<section class=\"elementor-section elementor-top-section elementor-element elementor-element-2d3e0df6 elementor-section-height-min-height elementor-section-items-top elementor-section-content-top elementor-section-stretched elementor-section-boxed elementor-section-height-default\" data-id=\"2d3e0df6\" data-element_type=\"section\" data-settings=\"{&quot;stretch_section&quot;:&quot;section-stretched&quot;,&quot;background_background&quot;:&quot;slideshow&quot;,&quot;background_slideshow_gallery&quot;:[{&quot;id&quot;:4472,&quot;url&quot;:&quot;https:\\\/\\\/www.trataresort.si\\\/wp-content\\\/uploads\\\/2021\\\/12\\\/Lus\\u030ctno-app4.jpg&quot;}],&quot;background_slideshow_loop&quot;:&quot;yes&quot;,&quot;background_slideshow_slide_duration&quot;:5000,&quot;background_slideshow_slide_transition&quot;:&quot;fade&quot;,&quot;background_slideshow_transition_duration&quot;:500}\">\n\t\t\t\t\t\t\t<div class=\"elementor-background-overlay\"><\/div>\n\t\t\t\t\t\t\t<div class=\"elementor-container elementor-column-gap-default\">\n\t\t\t\t\t<div class=\"elementor-column elementor-col-100 elementor-top-column elementor-element elementor-element-457b6753\" data-id=\"457b6753\" data-element_type=\"column\">\n\t\t\t<div class=\"elementor-widget-wrap elementor-element-populated\">\n\t\t\t\t\t\t<div class=\"elementor-element elementor-element-19de299b elementor-widget elementor-widget-heading\" data-id=\"19de299b\" data-element_type=\"widget\" data-widget_type=\"heading.default\">\n\t\t\t\t<div class=\"elementor-widget-container\">\n\t\t\t\t\t<h1 class=\"elementor-heading-title elementor-size-default\">SLATKO<\/h1>\t\t\t\t<\/div>\n\t\t\t\t<\/div>\n\t\t\t\t\t<\/div>\n\t\t<\/div>\n\t\t\t\t\t<\/div>\n\t\t<\/section>\n\t\t\t\t<section class=\"elementor-section elementor-top-section elementor-element elementor-element-57a6d841 elementor-section-stretched elementor-section-boxed elementor-section-height-default elementor-section-height-default\" data-id=\"57a6d841\" data-element_type=\"section\" data-settings=\"{&quot;stretch_section&quot;:&quot;section-stretched&quot;}\">\n\t\t\t\t\t\t<div class=\"elementor-container elementor-column-gap-default\">\n\t\t\t\t\t<div class=\"elementor-column elementor-col-50 elementor-top-column elementor-element elementor-element-5222a254\" data-id=\"5222a254\" data-element_type=\"column\">\n\t\t\t<div class=\"elementor-widget-wrap elementor-element-populated\">\n\t\t\t\t\t\t<div class=\"elementor-element elementor-element-43ae3e98 elementor-widget elementor-widget-heading\" data-id=\"43ae3e98\" data-element_type=\"widget\" data-widget_type=\"heading.default\">\n\t\t\t\t<div class=\"elementor-widget-container\">\n\t\t\t\t\t<h2 class=\"elementor-heading-title elementor-size-default\">[bentral-text type=&quot;title&quot;]: NEMA ID-A OBJAVE<\/h2>\t\t\t\t<\/div>\n\t\t\t\t<\/div>\n\t\t\t\t<div class=\"elementor-element elementor-element-3956196d elementor-widget elementor-widget-text-editor\" data-id=\"3956196d\" data-element_type=\"widget\" data-widget_type=\"text-editor.default\">\n\t\t\t\t<div class=\"elementor-widget-container\">\n\t\t\t\t\t\t\t\t\t<p><span style=\"font-size: 14px; line-height: 27px; color: #878788; float: left; letter-spacing: 2px; font-family: 'Roboto', sans-serif; margin-right: 10px;\">NEMA POST ID-a<\/span><\/p><p>***<\/p>\t\t\t\t\t\t\t\t<\/div>\n\t\t\t\t<\/div>\n\t\t\t\t<div class=\"elementor-element elementor-element-2d09cbd7 elementor-widget elementor-widget-text-editor\" data-id=\"2d09cbd7\" data-element_type=\"widget\" data-widget_type=\"text-editor.default\">\n\t\t\t\t<div class=\"elementor-widget-container\">\n\t\t\t\t\t\t\t\t\t<p>[bentral-widget type=&quot;reviews&quot;]: NEMA ID-A OBJAVE: NEMA ID-A OBJAVE: NEMA ID-A OBJAVE: NEMA ID-A OBJAVE<\/p>\t\t\t\t\t\t\t\t<\/div>\n\t\t\t\t<\/div>\n\t\t\t\t<section class=\"elementor-section elementor-inner-section elementor-element elementor-element-3c7572ca elementor-section-boxed elementor-section-height-default elementor-section-height-default\" data-id=\"3c7572ca\" data-element_type=\"section\">\n\t\t\t\t\t\t<div class=\"elementor-container elementor-column-gap-default\">\n\t\t\t\t\t<div class=\"elementor-column elementor-col-25 elementor-inner-column elementor-element elementor-element-34939566\" data-id=\"34939566\" data-element_type=\"column\">\n\t\t\t<div class=\"elementor-widget-wrap elementor-element-populated\">\n\t\t\t\t\t\t<div class=\"elementor-element elementor-element-104e1dba elementor-widget elementor-widget-image\" data-id=\"104e1dba\" data-element_type=\"widget\" data-widget_type=\"image.default\">\n\t\t\t\t<div class=\"elementor-widget-container\">\n\t\t\t\t\t\t\t\t\t\t\t\t\t\t\t<img decoding=\"async\" width=\"150\" height=\"150\" src=\"https:\/\/www.trataresort.si\/wp-content\/uploads\/2022\/01\/2-Osebe-150x150.png\" class=\"attachment-thumbnail size-thumbnail wp-image-6600\" alt=\"\" srcset=\"https:\/\/www.trataresort.si\/wp-content\/uploads\/2022\/01\/2-Osebe-150x150.png 150w, https:\/\/www.trataresort.si\/wp-content\/uploads\/2022\/01\/2-Osebe-300x300.png 300w, https:\/\/www.trataresort.si\/wp-content\/uploads\/2022\/01\/2-Osebe.png 406w\" sizes=\"(max-width: 150px) 100vw, 150px\" \/>\t\t\t\t\t\t\t\t\t\t\t\t\t\t\t<\/div>\n\t\t\t\t<\/div>\n\t\t\t\t<div class=\"elementor-element elementor-element-1ef08291 elementor-widget elementor-widget-text-editor\" data-id=\"1ef08291\" data-element_type=\"widget\" data-widget_type=\"text-editor.default\">\n\t\t\t\t<div class=\"elementor-widget-container\">\n\t\t\t\t\t\t\t\t\t<p>DO 4 OSOBE<\/p>\t\t\t\t\t\t\t\t<\/div>\n\t\t\t\t<\/div>\n\t\t\t\t\t<\/div>\n\t\t<\/div>\n\t\t\t\t<div class=\"elementor-column elementor-col-25 elementor-inner-column elementor-element elementor-element-5402a832\" data-id=\"5402a832\" data-element_type=\"column\">\n\t\t\t<div class=\"elementor-widget-wrap elementor-element-populated\">\n\t\t\t\t\t\t<div class=\"elementor-element elementor-element-5a1f89bc elementor-widget elementor-widget-image\" data-id=\"5a1f89bc\" data-element_type=\"widget\" data-widget_type=\"image.default\">\n\t\t\t\t<div class=\"elementor-widget-container\">\n\t\t\t\t\t\t\t\t\t\t\t\t\t\t\t<img decoding=\"async\" width=\"150\" height=\"150\" src=\"https:\/\/www.trataresort.si\/wp-content\/uploads\/2022\/01\/2-Terasa-150x150.png\" class=\"attachment-thumbnail size-thumbnail wp-image-6601\" alt=\"\" srcset=\"https:\/\/www.trataresort.si\/wp-content\/uploads\/2022\/01\/2-Terasa-150x150.png 150w, https:\/\/www.trataresort.si\/wp-content\/uploads\/2022\/01\/2-Terasa-300x300.png 300w, https:\/\/www.trataresort.si\/wp-content\/uploads\/2022\/01\/2-Terasa.png 406w\" sizes=\"(max-width: 150px) 100vw, 150px\" \/>\t\t\t\t\t\t\t\t\t\t\t\t\t\t\t<\/div>\n\t\t\t\t<\/div>\n\t\t\t\t<div class=\"elementor-element elementor-element-1a6d3aa8 elementor-widget elementor-widget-text-editor\" data-id=\"1a6d3aa8\" data-element_type=\"widget\" data-widget_type=\"text-editor.default\">\n\t\t\t\t<div class=\"elementor-widget-container\">\n\t\t\t\t\t\t\t\t\t<p>TERASA<\/p>\t\t\t\t\t\t\t\t<\/div>\n\t\t\t\t<\/div>\n\t\t\t\t\t<\/div>\n\t\t<\/div>\n\t\t\t\t<div class=\"elementor-column elementor-col-25 elementor-inner-column elementor-element elementor-element-6f1742dc\" data-id=\"6f1742dc\" data-element_type=\"column\">\n\t\t\t<div class=\"elementor-widget-wrap elementor-element-populated\">\n\t\t\t\t\t\t<div class=\"elementor-element elementor-element-765b066 elementor-widget elementor-widget-image\" data-id=\"765b066\" data-element_type=\"widget\" data-widget_type=\"image.default\">\n\t\t\t\t<div class=\"elementor-widget-container\">\n\t\t\t\t\t\t\t\t\t\t\t\t\t\t\t<img fetchpriority=\"high\" decoding=\"async\" width=\"406\" height=\"406\" src=\"https:\/\/www.trataresort.si\/wp-content\/uploads\/2022\/01\/2-Pes.png\" class=\"attachment-full size-full wp-image-6603\" alt=\"\" srcset=\"https:\/\/www.trataresort.si\/wp-content\/uploads\/2022\/01\/2-Pes.png 406w, https:\/\/www.trataresort.si\/wp-content\/uploads\/2022\/01\/2-Pes-300x300.png 300w, https:\/\/www.trataresort.si\/wp-content\/uploads\/2022\/01\/2-Pes-150x150.png 150w\" sizes=\"(max-width: 406px) 100vw, 406px\" \/>\t\t\t\t\t\t\t\t\t\t\t\t\t\t\t<\/div>\n\t\t\t\t<\/div>\n\t\t\t\t<div class=\"elementor-element elementor-element-478b65e9 elementor-widget elementor-widget-text-editor\" data-id=\"478b65e9\" data-element_type=\"widget\" data-widget_type=\"text-editor.default\">\n\t\t\t\t<div class=\"elementor-widget-container\">\n\t\t\t\t\t\t\t\t\t<p>PSI DOBRODO\u0160LI<\/p>\t\t\t\t\t\t\t\t<\/div>\n\t\t\t\t<\/div>\n\t\t\t\t\t<\/div>\n\t\t<\/div>\n\t\t\t\t<div class=\"elementor-column elementor-col-25 elementor-inner-column elementor-element elementor-element-82b5479\" data-id=\"82b5479\" data-element_type=\"column\">\n\t\t\t<div class=\"elementor-widget-wrap elementor-element-populated\">\n\t\t\t\t\t\t<div class=\"elementor-element elementor-element-49e10523 elementor-widget elementor-widget-image\" data-id=\"49e10523\" data-element_type=\"widget\" data-widget_type=\"image.default\">\n\t\t\t\t<div class=\"elementor-widget-container\">\n\t\t\t\t\t\t\t\t\t\t\t\t\t\t\t<img loading=\"lazy\" decoding=\"async\" width=\"150\" height=\"150\" src=\"https:\/\/www.trataresort.si\/wp-content\/uploads\/2022\/01\/2-Kvadratura-150x150.png\" class=\"attachment-thumbnail size-thumbnail wp-image-6602\" alt=\"\" srcset=\"https:\/\/www.trataresort.si\/wp-content\/uploads\/2022\/01\/2-Kvadratura-150x150.png 150w, https:\/\/www.trataresort.si\/wp-content\/uploads\/2022\/01\/2-Kvadratura-300x300.png 300w, https:\/\/www.trataresort.si\/wp-content\/uploads\/2022\/01\/2-Kvadratura.png 406w\" sizes=\"(max-width: 150px) 100vw, 150px\" \/>\t\t\t\t\t\t\t\t\t\t\t\t\t\t\t<\/div>\n\t\t\t\t<\/div>\n\t\t\t\t<div class=\"elementor-element elementor-element-ec3ce03 elementor-widget elementor-widget-text-editor\" data-id=\"ec3ce03\" data-element_type=\"widget\" data-widget_type=\"text-editor.default\">\n\t\t\t\t<div class=\"elementor-widget-container\">\n\t\t\t\t\t\t\t\t\tNEMA POST ID-a\t\t\t\t\t\t\t\t<\/div>\n\t\t\t\t<\/div>\n\t\t\t\t\t<\/div>\n\t\t<\/div>\n\t\t\t\t\t<\/div>\n\t\t<\/section>\n\t\t\t\t<div class=\"elementor-element elementor-element-50defa48 elementor-widget elementor-widget-text-editor\" data-id=\"50defa48\" data-element_type=\"widget\" data-widget_type=\"text-editor.default\">\n\t\t\t\t<div class=\"elementor-widget-container\">\n\t\t\t\t\t\t\t\t\t<p>Zamislite scenarij - sjedite na terasi, pijete kavu ili drugi napitak i u\u017eivate u pogledu na planinske vrhove. To je upravo ono \u0161to vam ovaj apartman mo\u017ee ponuditi. Ima terasu s prekrasnim pogledom na planinu \u0160pik, blagovaonicu s rustikalnim stolom od punog drva, bra\u010dni krevet 160 x 200, dva kreveta za jednu osobu 90 x 200, koji tako\u0111er slu\u017ee kao kau\u010d, kupaonicu s odabranim detaljima (tu\u0161, WC) i \u010dajnu kuhinju.<\/p><p><br><\/p>\n<p><strong><span style=\"text-decoration: underline;\">Oprema<\/span>:<\/strong> LCD TV, Wi-Fi, kerami\u010dki \u0161tednjak, mikrovalna pe\u0107nica, hladnjak, kuhalo za vodu, aparat za kavu, posu\u0111e, su\u0161ilo za kosu, posteljina i ru\u010dnici.<\/p>\t\t\t\t\t\t\t\t<\/div>\n\t\t\t\t<\/div>\n\t\t\t\t<div class=\"elementor-element elementor-element-1dcc6b34 elementor-widget elementor-widget-heading\" data-id=\"1dcc6b34\" data-element_type=\"widget\" data-widget_type=\"heading.default\">\n\t\t\t\t<div class=\"elementor-widget-container\">\n\t\t\t\t\t<h1 class=\"elementor-heading-title elementor-size-default\">PRO\u0160ETAJTE PO APARTMANU<\/h1>\t\t\t\t<\/div>\n\t\t\t\t<\/div>\n\t\t\t\t<div class=\"elementor-element elementor-element-4711946b elementor-widget elementor-widget-video\" data-id=\"4711946b\" data-element_type=\"widget\" data-settings=\"{&quot;youtube_url&quot;:&quot;youtube.com\\\/watch?v=MNjKfxaeimg&quot;,&quot;video_type&quot;:&quot;youtube&quot;,&quot;controls&quot;:&quot;yes&quot;}\" data-widget_type=\"video.default\">\n\t\t\t\t<div class=\"elementor-widget-container\">\n\t\t\t\t\t\t\t<div class=\"elementor-wrapper elementor-open-inline\">\n\t\t\t<div class=\"elementor-video\"><\/div>\t\t<\/div>\n\t\t\t\t\t\t<\/div>\n\t\t\t\t<\/div>\n\t\t\t\t<div class=\"elementor-element elementor-element-71acf4ca elementor-widget elementor-widget-heading\" data-id=\"71acf4ca\" data-element_type=\"widget\" data-widget_type=\"heading.default\">\n\t\t\t\t<div class=\"elementor-widget-container\">\n\t\t\t\t\t<h1 class=\"elementor-heading-title elementor-size-default\">Ostale ponude na na\u0161em podru\u010dju<\/h1>\t\t\t\t<\/div>\n\t\t\t\t<\/div>\n\t\t\t\t\t<\/div>\n\t\t<\/div>\n\t\t\t\t<div class=\"elementor-column elementor-col-50 elementor-top-column elementor-element elementor-element-27af78a1\" data-id=\"27af78a1\" data-element_type=\"column\">\n\t\t\t<div class=\"elementor-widget-wrap elementor-element-populated\">\n\t\t\t\t\t\t<div class=\"elementor-element elementor-element-60100735 elementor-widget elementor-widget-shortcode\" data-id=\"60100735\" data-element_type=\"widget\" data-widget_type=\"shortcode.default\">\n\t\t\t\t<div class=\"elementor-widget-container\">\n\t\t\t\t\t\t\t<div class=\"elementor-shortcode\">[bentral-widget type=&quot;reservation&quot;]: NEMA ID-A OBJAVE: NEMA ID-a OBJAVE<\/div>\n\t\t\t\t\t\t<\/div>\n\t\t\t\t<\/div>\n\t\t\t\t\t<\/div>\n\t\t<\/div>\n\t\t\t\t\t<\/div>\n\t\t<\/section>\n\t\t\t\t<section class=\"elementor-section elementor-top-section elementor-element elementor-element-a609438 elementor-section-stretched elementor-section-boxed elementor-section-height-default elementor-section-height-default\" data-id=\"a609438\" data-element_type=\"section\" data-settings=\"{&quot;stretch_section&quot;:&quot;section-stretched&quot;,&quot;background_background&quot;:&quot;classic&quot;}\">\n\t\t\t\t\t\t<div class=\"elementor-container elementor-column-gap-default\">\n\t\t\t\t\t<div class=\"elementor-column elementor-col-100 elementor-top-column elementor-element elementor-element-c8156b2\" data-id=\"c8156b2\" data-element_type=\"column\">\n\t\t\t<div class=\"elementor-widget-wrap elementor-element-populated\">\n\t\t\t\t\t\t<div class=\"elementor-element elementor-element-7ae4322 elementor-widget elementor-widget-text-editor\" data-id=\"7ae4322\" data-element_type=\"widget\" data-widget_type=\"text-editor.default\">\n\t\t\t\t<div class=\"elementor-widget-container\">\n\t\t\t\t\t\t\t\t\t<p>[bentralni_kalendar]<br \/>[bentral-widget type=&quot;price&quot;]: NEMA ID-A OBJAVE: NEMA ID-A OBJAVE: NEMA ID-A OBJAVE: NEMA ID-A OBJAVE<\/p>\t\t\t\t\t\t\t\t<\/div>\n\t\t\t\t<\/div>\n\t\t\t\t\t<\/div>\n\t\t<\/div>\n\t\t\t\t\t<\/div>\n\t\t<\/section>\n\t\t\t\t<\/div>","protected":false},"excerpt":{"rendered":"<p>CUTE *** DO 4 OSOBE TERASA PSI DOBRODO\u0160LI Ima terasu sa prekrasnim pogledom na planinu \u0160pik, blagovaonu sa rustikalnim masivnim stolom, krevet za dvije osobe dimenzija 160 x 200, dva kreveta za jednu osobu dimenzija 90 x 200, koje ujedno slu\u017ee i kao kau\u010d, kupaonica s odabranim detaljima (tu\u0161, wc) i \u010dajna kuhinja. [\u2026]<\/p>","protected":false},"author":1,"featured_media":0,"parent":4441,"menu_order":0,"comment_status":"closed","ping_status":"closed","template":"","meta":{"footnotes":""},"class_list":["post-2227","page","type-page","status-publish","hentry"],"_links":{"self":[{"href":"https:\/\/www.trataresort.si\/hr\/wp-json\/wp\/v2\/pages\/2227","targetHints":{"allow":["GET"]}}],"collection":[{"href":"https:\/\/www.trataresort.si\/hr\/wp-json\/wp\/v2\/pages"}],"about":[{"href":"https:\/\/www.trataresort.si\/hr\/wp-json\/wp\/v2\/types\/page"}],"author":[{"embeddable":true,"href":"https:\/\/www.trataresort.si\/hr\/wp-json\/wp\/v2\/users\/1"}],"replies":[{"embeddable":true,"href":"https:\/\/www.trataresort.si\/hr\/wp-json\/wp\/v2\/comments?post=2227"}],"version-history":[{"count":153,"href":"https:\/\/www.trataresort.si\/hr\/wp-json\/wp\/v2\/pages\/2227\/revisions"}],"predecessor-version":[{"id":7925,"href":"https:\/\/www.trataresort.si\/hr\/wp-json\/wp\/v2\/pages\/2227\/revisions\/7925"}],"up":[{"embeddable":true,"href":"https:\/\/www.trataresort.si\/hr\/wp-json\/wp\/v2\/pages\/4441"}],"wp:attachment":[{"href":"https:\/\/www.trataresort.si\/hr\/wp-json\/wp\/v2\/media?parent=2227"}],"curies":[{"name":"wp","href":"https:\/\/api.w.org\/{rel}","templated":true}]}}