{"id":2257,"date":"2021-11-23T20:17:35","date_gmt":"2021-11-23T18:07:38","guid":{"rendered":"https:\/\/www.trataresort.si\/?page_id=2257"},"modified":"2024-07-31T13:42:41","modified_gmt":"2024-07-31T11:42:41","slug":"apartma-5","status":"publish","type":"page","link":"https:\/\/www.trataresort.si\/hr\/nastanitve\/domacija\/apartma-5\/","title":{"rendered":"Apartman 4+6 DE LUXE (br. 5)"},"content":{"rendered":"<div data-elementor-type=\"wp-page\" data-elementor-id=\"2257\" class=\"elementor elementor-2257\">\n\t\t\t\t\t\t<section class=\"elementor-section elementor-top-section elementor-element elementor-element-45b7da8c elementor-section-height-min-height elementor-section-items-top elementor-section-content-top elementor-section-stretched elementor-section-boxed elementor-section-height-default\" data-id=\"45b7da8c\" data-element_type=\"section\" data-settings=\"{&quot;stretch_section&quot;:&quot;section-stretched&quot;,&quot;background_background&quot;:&quot;slideshow&quot;,&quot;background_slideshow_gallery&quot;:[{&quot;id&quot;:4475,&quot;url&quot;:&quot;https:\\\/\\\/www.trataresort.si\\\/wp-content\\\/uploads\\\/2021\\\/12\\\/Domac\\u030cno-app5.jpg&quot;}],&quot;background_slideshow_loop&quot;:&quot;yes&quot;,&quot;background_slideshow_slide_duration&quot;:5000,&quot;background_slideshow_slide_transition&quot;:&quot;fade&quot;,&quot;background_slideshow_transition_duration&quot;:500}\">\n\t\t\t\t\t\t\t<div class=\"elementor-background-overlay\"><\/div>\n\t\t\t\t\t\t\t<div class=\"elementor-container elementor-column-gap-default\">\n\t\t\t\t\t<div class=\"elementor-column elementor-col-100 elementor-top-column elementor-element elementor-element-1d7a0153\" data-id=\"1d7a0153\" data-element_type=\"column\">\n\t\t\t<div class=\"elementor-widget-wrap elementor-element-populated\">\n\t\t\t\t\t\t<div class=\"elementor-element elementor-element-4d1f892b elementor-widget elementor-widget-heading\" data-id=\"4d1f892b\" data-element_type=\"widget\" data-widget_type=\"heading.default\">\n\t\t\t\t<div class=\"elementor-widget-container\">\n\t\t\t\t\t<h1 class=\"elementor-heading-title elementor-size-default\">DOMA\u0106E<\/h1>\t\t\t\t<\/div>\n\t\t\t\t<\/div>\n\t\t\t\t\t<\/div>\n\t\t<\/div>\n\t\t\t\t\t<\/div>\n\t\t<\/section>\n\t\t\t\t<section class=\"elementor-section elementor-top-section elementor-element elementor-element-32197740 elementor-section-stretched elementor-section-boxed elementor-section-height-default elementor-section-height-default\" data-id=\"32197740\" data-element_type=\"section\" data-settings=\"{&quot;stretch_section&quot;:&quot;section-stretched&quot;}\">\n\t\t\t\t\t\t<div class=\"elementor-container elementor-column-gap-default\">\n\t\t\t\t\t<div class=\"elementor-column elementor-col-50 elementor-top-column elementor-element elementor-element-433cdd09\" data-id=\"433cdd09\" data-element_type=\"column\">\n\t\t\t<div class=\"elementor-widget-wrap elementor-element-populated\">\n\t\t\t\t\t\t<div class=\"elementor-element elementor-element-64d47b2f elementor-widget elementor-widget-heading\" data-id=\"64d47b2f\" data-element_type=\"widget\" data-widget_type=\"heading.default\">\n\t\t\t\t<div class=\"elementor-widget-container\">\n\t\t\t\t\t<h2 class=\"elementor-heading-title elementor-size-default\">[bentral-text type=&quot;title&quot;]: NEMA ID-A OBJAVE<\/h2>\t\t\t\t<\/div>\n\t\t\t\t<\/div>\n\t\t\t\t<div class=\"elementor-element elementor-element-160525b0 elementor-widget elementor-widget-text-editor\" data-id=\"160525b0\" data-element_type=\"widget\" data-widget_type=\"text-editor.default\">\n\t\t\t\t<div class=\"elementor-widget-container\">\n\t\t\t\t\t\t\t\t\t<p><span style=\"font-size: 14px; line-height: 27px; color: #878788; float: left; letter-spacing: 2px; font-family: 'Roboto', sans-serif; margin-right: 10px;\">NEMA POST ID-a<\/span><\/p><p>***<\/p>\t\t\t\t\t\t\t\t<\/div>\n\t\t\t\t<\/div>\n\t\t\t\t<div class=\"elementor-element elementor-element-7075609c elementor-widget elementor-widget-text-editor\" data-id=\"7075609c\" data-element_type=\"widget\" data-widget_type=\"text-editor.default\">\n\t\t\t\t<div class=\"elementor-widget-container\">\n\t\t\t\t\t\t\t\t\t<p>[bentral-widget type=&quot;reviews&quot;]: NEMA ID-A OBJAVE: NEMA ID-A OBJAVE: NEMA ID-A OBJAVE: NEMA ID-A OBJAVE<\/p>\t\t\t\t\t\t\t\t<\/div>\n\t\t\t\t<\/div>\n\t\t\t\t<section class=\"elementor-section elementor-inner-section elementor-element elementor-element-1d8dc6e6 elementor-section-boxed elementor-section-height-default elementor-section-height-default\" data-id=\"1d8dc6e6\" data-element_type=\"section\">\n\t\t\t\t\t\t<div class=\"elementor-container elementor-column-gap-default\">\n\t\t\t\t\t<div class=\"elementor-column elementor-col-20 elementor-inner-column elementor-element elementor-element-3e00dd75\" data-id=\"3e00dd75\" data-element_type=\"column\">\n\t\t\t<div class=\"elementor-widget-wrap elementor-element-populated\">\n\t\t\t\t\t\t<div class=\"elementor-element elementor-element-712a4ead elementor-widget elementor-widget-image\" data-id=\"712a4ead\" data-element_type=\"widget\" data-widget_type=\"image.default\">\n\t\t\t\t<div class=\"elementor-widget-container\">\n\t\t\t\t\t\t\t\t\t\t\t\t\t\t\t<img decoding=\"async\" width=\"150\" height=\"150\" src=\"https:\/\/www.trataresort.si\/wp-content\/uploads\/2022\/01\/2-Osebe-150x150.png\" class=\"attachment-thumbnail size-thumbnail wp-image-6600\" alt=\"\" srcset=\"https:\/\/www.trataresort.si\/wp-content\/uploads\/2022\/01\/2-Osebe-150x150.png 150w, https:\/\/www.trataresort.si\/wp-content\/uploads\/2022\/01\/2-Osebe-300x300.png 300w, https:\/\/www.trataresort.si\/wp-content\/uploads\/2022\/01\/2-Osebe.png 406w\" sizes=\"(max-width: 150px) 100vw, 150px\" \/>\t\t\t\t\t\t\t\t\t\t\t\t\t\t\t<\/div>\n\t\t\t\t<\/div>\n\t\t\t\t<div class=\"elementor-element elementor-element-7eed6583 elementor-widget elementor-widget-text-editor\" data-id=\"7eed6583\" data-element_type=\"widget\" data-widget_type=\"text-editor.default\">\n\t\t\t\t<div class=\"elementor-widget-container\">\n\t\t\t\t\t\t\t\t\t<p>DO 10 OSOBA<\/p>\t\t\t\t\t\t\t\t<\/div>\n\t\t\t\t<\/div>\n\t\t\t\t\t<\/div>\n\t\t<\/div>\n\t\t\t\t<div class=\"elementor-column elementor-col-20 elementor-inner-column elementor-element elementor-element-dd63e18\" data-id=\"dd63e18\" data-element_type=\"column\">\n\t\t\t<div class=\"elementor-widget-wrap elementor-element-populated\">\n\t\t\t\t\t\t<div class=\"elementor-element elementor-element-3b3d1286 elementor-widget elementor-widget-image\" data-id=\"3b3d1286\" data-element_type=\"widget\" data-widget_type=\"image.default\">\n\t\t\t\t<div class=\"elementor-widget-container\">\n\t\t\t\t\t\t\t\t\t\t\t\t\t\t\t<img decoding=\"async\" width=\"150\" height=\"150\" src=\"https:\/\/www.trataresort.si\/wp-content\/uploads\/2022\/01\/2-Soba-150x150.png\" class=\"attachment-thumbnail size-thumbnail wp-image-6607\" alt=\"\" srcset=\"https:\/\/www.trataresort.si\/wp-content\/uploads\/2022\/01\/2-Soba-150x150.png 150w, https:\/\/www.trataresort.si\/wp-content\/uploads\/2022\/01\/2-Soba-300x300.png 300w, https:\/\/www.trataresort.si\/wp-content\/uploads\/2022\/01\/2-Soba.png 406w\" sizes=\"(max-width: 150px) 100vw, 150px\" \/>\t\t\t\t\t\t\t\t\t\t\t\t\t\t\t<\/div>\n\t\t\t\t<\/div>\n\t\t\t\t<div class=\"elementor-element elementor-element-7d94dc40 elementor-widget elementor-widget-text-editor\" data-id=\"7d94dc40\" data-element_type=\"widget\" data-widget_type=\"text-editor.default\">\n\t\t\t\t<div class=\"elementor-widget-container\">\n\t\t\t\t\t\t\t\t\t<p>2 SPAVA\u0106E<\/p>\t\t\t\t\t\t\t\t<\/div>\n\t\t\t\t<\/div>\n\t\t\t\t\t<\/div>\n\t\t<\/div>\n\t\t\t\t<div class=\"elementor-column elementor-col-20 elementor-inner-column elementor-element elementor-element-7686f69\" data-id=\"7686f69\" data-element_type=\"column\">\n\t\t\t<div class=\"elementor-widget-wrap elementor-element-populated\">\n\t\t\t\t\t\t<div class=\"elementor-element elementor-element-6ae31c7 elementor-widget elementor-widget-image\" data-id=\"6ae31c7\" data-element_type=\"widget\" data-widget_type=\"image.default\">\n\t\t\t\t<div class=\"elementor-widget-container\">\n\t\t\t\t\t\t\t\t\t\t\t\t\t\t\t<img decoding=\"async\" width=\"150\" height=\"150\" src=\"https:\/\/www.trataresort.si\/wp-content\/uploads\/2022\/01\/2-Kopalnica-150x150.png\" class=\"attachment-thumbnail size-thumbnail wp-image-6608\" alt=\"\" srcset=\"https:\/\/www.trataresort.si\/wp-content\/uploads\/2022\/01\/2-Kopalnica-150x150.png 150w, https:\/\/www.trataresort.si\/wp-content\/uploads\/2022\/01\/2-Kopalnica-300x300.png 300w, https:\/\/www.trataresort.si\/wp-content\/uploads\/2022\/01\/2-Kopalnica.png 406w\" sizes=\"(max-width: 150px) 100vw, 150px\" \/>\t\t\t\t\t\t\t\t\t\t\t\t\t\t\t<\/div>\n\t\t\t\t<\/div>\n\t\t\t\t<div class=\"elementor-element elementor-element-756c00d elementor-widget elementor-widget-text-editor\" data-id=\"756c00d\" data-element_type=\"widget\" data-widget_type=\"text-editor.default\">\n\t\t\t\t<div class=\"elementor-widget-container\">\n\t\t\t\t\t\t\t\t\t<p>2 KUPAONICE<\/p>\t\t\t\t\t\t\t\t<\/div>\n\t\t\t\t<\/div>\n\t\t\t\t\t<\/div>\n\t\t<\/div>\n\t\t\t\t<div class=\"elementor-column elementor-col-20 elementor-inner-column elementor-element elementor-element-529104f6\" data-id=\"529104f6\" data-element_type=\"column\">\n\t\t\t<div class=\"elementor-widget-wrap elementor-element-populated\">\n\t\t\t\t\t\t<div class=\"elementor-element elementor-element-dc9d91b elementor-widget elementor-widget-image\" data-id=\"dc9d91b\" data-element_type=\"widget\" data-widget_type=\"image.default\">\n\t\t\t\t<div class=\"elementor-widget-container\">\n\t\t\t\t\t\t\t\t\t\t\t\t\t\t\t<img loading=\"lazy\" decoding=\"async\" width=\"150\" height=\"150\" src=\"https:\/\/www.trataresort.si\/wp-content\/uploads\/2022\/01\/2-Terasa-150x150.png\" class=\"attachment-thumbnail size-thumbnail wp-image-6601\" alt=\"\" srcset=\"https:\/\/www.trataresort.si\/wp-content\/uploads\/2022\/01\/2-Terasa-150x150.png 150w, https:\/\/www.trataresort.si\/wp-content\/uploads\/2022\/01\/2-Terasa-300x300.png 300w, https:\/\/www.trataresort.si\/wp-content\/uploads\/2022\/01\/2-Terasa.png 406w\" sizes=\"(max-width: 150px) 100vw, 150px\" \/>\t\t\t\t\t\t\t\t\t\t\t\t\t\t\t<\/div>\n\t\t\t\t<\/div>\n\t\t\t\t<div class=\"elementor-element elementor-element-adab1d5 elementor-widget elementor-widget-text-editor\" data-id=\"adab1d5\" data-element_type=\"widget\" data-widget_type=\"text-editor.default\">\n\t\t\t\t<div class=\"elementor-widget-container\">\n\t\t\t\t\t\t\t\t\t<p>TERASA<\/p>\t\t\t\t\t\t\t\t<\/div>\n\t\t\t\t<\/div>\n\t\t\t\t\t<\/div>\n\t\t<\/div>\n\t\t\t\t<div class=\"elementor-column elementor-col-20 elementor-inner-column elementor-element elementor-element-473beeb\" data-id=\"473beeb\" data-element_type=\"column\">\n\t\t\t<div class=\"elementor-widget-wrap elementor-element-populated\">\n\t\t\t\t\t\t<div class=\"elementor-element elementor-element-445cce26 elementor-widget elementor-widget-image\" data-id=\"445cce26\" data-element_type=\"widget\" data-widget_type=\"image.default\">\n\t\t\t\t<div class=\"elementor-widget-container\">\n\t\t\t\t\t\t\t\t\t\t\t\t\t\t\t<img loading=\"lazy\" decoding=\"async\" width=\"150\" height=\"150\" src=\"https:\/\/www.trataresort.si\/wp-content\/uploads\/2022\/01\/2-Kvadratura-150x150.png\" class=\"attachment-thumbnail size-thumbnail wp-image-6602\" alt=\"\" srcset=\"https:\/\/www.trataresort.si\/wp-content\/uploads\/2022\/01\/2-Kvadratura-150x150.png 150w, https:\/\/www.trataresort.si\/wp-content\/uploads\/2022\/01\/2-Kvadratura-300x300.png 300w, https:\/\/www.trataresort.si\/wp-content\/uploads\/2022\/01\/2-Kvadratura.png 406w\" sizes=\"(max-width: 150px) 100vw, 150px\" \/>\t\t\t\t\t\t\t\t\t\t\t\t\t\t\t<\/div>\n\t\t\t\t<\/div>\n\t\t\t\t<div class=\"elementor-element elementor-element-1fefb8b1 elementor-widget elementor-widget-text-editor\" data-id=\"1fefb8b1\" data-element_type=\"widget\" data-widget_type=\"text-editor.default\">\n\t\t\t\t<div class=\"elementor-widget-container\">\n\t\t\t\t\t\t\t\t\tNEMA POST ID-a\t\t\t\t\t\t\t\t<\/div>\n\t\t\t\t<\/div>\n\t\t\t\t\t<\/div>\n\t\t<\/div>\n\t\t\t\t\t<\/div>\n\t\t<\/section>\n\t\t\t\t<div class=\"elementor-element elementor-element-198336b6 elementor-widget elementor-widget-text-editor\" data-id=\"198336b6\" data-element_type=\"widget\" data-widget_type=\"text-editor.default\">\n\t\t\t\t<div class=\"elementor-widget-container\">\n\t\t\t\t\t\t\t\t\t<p>Zamislite kako bi bilo sjajno osjetiti udobnost i gostoljubljivost stare seoske ku\u0107e. Ovaj apartman \u0107e vam pru\u017eiti ovu radost. Ima dvije spava\u0107e sobe s bra\u010dnim krevetom 2 x 90 x 200, veliki dnevni boravak, divovski krevet za \u0161est osoba 3 x 190 x 200, dvije kupaonice s izuzetnim detaljima (tu\u0161, WC), zaseban WC, klubsku sobu, internet kutak, veliku kuhinju i veliki stol za blagovanje od punog drva. Apartman tako\u0111er ima umjetni\u010dki dizajniranu vinsku sobu s velikim ru\u010dno ra\u0111enim stolom i velikom \u010dvrstom dvorskom stolicom. Apartman ima izlaz na vrt, gdje mo\u017eete provesti ljeto u sjeni stare lipe.<\/p><p><br><\/p>\n<p><\/p>\n<p><span style=\"text-decoration: underline;\"><strong>Oprema:<\/strong><\/span> LCD TV, Wi-Fi, dva kerami\u010dka \u0161tednjaka, perilica posu\u0111a, mikrovalna pe\u0107nica, hladnjak s vinskim izlogom i zamrziva\u010dem, kuhalo za vodu, aparat za kavu, posu\u0111e, su\u0161ilo za kosu, posteljina i ru\u010dnici.<\/p>\t\t\t\t\t\t\t\t<\/div>\n\t\t\t\t<\/div>\n\t\t\t\t<div class=\"elementor-element elementor-element-5455231b elementor-widget elementor-widget-heading\" data-id=\"5455231b\" data-element_type=\"widget\" data-widget_type=\"heading.default\">\n\t\t\t\t<div class=\"elementor-widget-container\">\n\t\t\t\t\t<h1 class=\"elementor-heading-title elementor-size-default\">PRO\u0160ETAJTE PO APARTMANU<\/h1>\t\t\t\t<\/div>\n\t\t\t\t<\/div>\n\t\t\t\t<div class=\"elementor-element elementor-element-3b83f2d3 elementor-widget elementor-widget-video\" data-id=\"3b83f2d3\" data-element_type=\"widget\" data-settings=\"{&quot;youtube_url&quot;:&quot;youtube.com\\\/watch?v=htS9Ct_COuI&amp;t=42s&quot;,&quot;video_type&quot;:&quot;youtube&quot;,&quot;controls&quot;:&quot;yes&quot;}\" data-widget_type=\"video.default\">\n\t\t\t\t<div class=\"elementor-widget-container\">\n\t\t\t\t\t\t\t<div class=\"elementor-wrapper elementor-open-inline\">\n\t\t\t<div class=\"elementor-video\"><\/div>\t\t<\/div>\n\t\t\t\t\t\t<\/div>\n\t\t\t\t<\/div>\n\t\t\t\t<div class=\"elementor-element elementor-element-52fa9843 elementor-widget elementor-widget-heading\" data-id=\"52fa9843\" data-element_type=\"widget\" data-widget_type=\"heading.default\">\n\t\t\t\t<div class=\"elementor-widget-container\">\n\t\t\t\t\t<h1 class=\"elementor-heading-title elementor-size-default\">Ostale ponude na na\u0161em podru\u010dju<\/h1>\t\t\t\t<\/div>\n\t\t\t\t<\/div>\n\t\t\t\t\t<\/div>\n\t\t<\/div>\n\t\t\t\t<div class=\"elementor-column elementor-col-50 elementor-top-column elementor-element elementor-element-611e86c\" data-id=\"611e86c\" data-element_type=\"column\">\n\t\t\t<div class=\"elementor-widget-wrap elementor-element-populated\">\n\t\t\t\t\t\t<div class=\"elementor-element elementor-element-5a926ddc elementor-widget elementor-widget-shortcode\" data-id=\"5a926ddc\" data-element_type=\"widget\" data-widget_type=\"shortcode.default\">\n\t\t\t\t<div class=\"elementor-widget-container\">\n\t\t\t\t\t\t\t<div class=\"elementor-shortcode\">[bentral-widget type=&quot;reservation&quot;]: NEMA ID-A OBJAVE: NEMA ID-a OBJAVE<\/div>\n\t\t\t\t\t\t<\/div>\n\t\t\t\t<\/div>\n\t\t\t\t\t<\/div>\n\t\t<\/div>\n\t\t\t\t\t<\/div>\n\t\t<\/section>\n\t\t\t\t<section class=\"elementor-section elementor-top-section elementor-element elementor-element-7dbee3eb elementor-section-stretched elementor-section-boxed elementor-section-height-default elementor-section-height-default\" data-id=\"7dbee3eb\" data-element_type=\"section\" data-settings=\"{&quot;stretch_section&quot;:&quot;section-stretched&quot;,&quot;background_background&quot;:&quot;classic&quot;}\">\n\t\t\t\t\t\t<div class=\"elementor-container elementor-column-gap-default\">\n\t\t\t\t\t<div class=\"elementor-column elementor-col-100 elementor-top-column elementor-element elementor-element-2cce6126\" data-id=\"2cce6126\" data-element_type=\"column\">\n\t\t\t<div class=\"elementor-widget-wrap elementor-element-populated\">\n\t\t\t\t\t\t<div class=\"elementor-element elementor-element-628dd857 elementor-widget elementor-widget-text-editor\" data-id=\"628dd857\" data-element_type=\"widget\" data-widget_type=\"text-editor.default\">\n\t\t\t\t<div class=\"elementor-widget-container\">\n\t\t\t\t\t\t\t\t\t<p>[bentralni_kalendar]<br \/>[bentral-widget type=&quot;price&quot;]: NEMA ID-A OBJAVE: NEMA ID-A OBJAVE: NEMA ID-A OBJAVE: NEMA ID-A OBJAVE<\/p>\t\t\t\t\t\t\t\t<\/div>\n\t\t\t\t<\/div>\n\t\t\t\t\t<\/div>\n\t\t<\/div>\n\t\t\t\t\t<\/div>\n\t\t<\/section>\n\t\t\t\t<\/div>","protected":false},"excerpt":{"rendered":"<p>DOM *** DO 10 OSOBA 2 SPAVA\u0106E SOBE 2 KUPAONICE TERASA Nudi veliku udobnost i dodir i doma\u0107u atmosferu stare seoske ku\u0107e. Ima dvije spava\u0107e sobe s bra\u010dnim krevetom dimenzija 2 x 90 x 200, veliki dnevni boravak, ogromni krevet za \u0161est osoba dimenzija 3 x 190 x 200, dvije kupaonice s odabranim detaljima (tu\u0161, wc), odvojenu [\u2026]<\/p>","protected":false},"author":1,"featured_media":0,"parent":4441,"menu_order":1,"comment_status":"closed","ping_status":"closed","template":"","meta":{"footnotes":""},"class_list":["post-2257","page","type-page","status-publish","hentry"],"_links":{"self":[{"href":"https:\/\/www.trataresort.si\/hr\/wp-json\/wp\/v2\/pages\/2257","targetHints":{"allow":["GET"]}}],"collection":[{"href":"https:\/\/www.trataresort.si\/hr\/wp-json\/wp\/v2\/pages"}],"about":[{"href":"https:\/\/www.trataresort.si\/hr\/wp-json\/wp\/v2\/types\/page"}],"author":[{"embeddable":true,"href":"https:\/\/www.trataresort.si\/hr\/wp-json\/wp\/v2\/users\/1"}],"replies":[{"embeddable":true,"href":"https:\/\/www.trataresort.si\/hr\/wp-json\/wp\/v2\/comments?post=2257"}],"version-history":[{"count":101,"href":"https:\/\/www.trataresort.si\/hr\/wp-json\/wp\/v2\/pages\/2257\/revisions"}],"predecessor-version":[{"id":7931,"href":"https:\/\/www.trataresort.si\/hr\/wp-json\/wp\/v2\/pages\/2257\/revisions\/7931"}],"up":[{"embeddable":true,"href":"https:\/\/www.trataresort.si\/hr\/wp-json\/wp\/v2\/pages\/4441"}],"wp:attachment":[{"href":"https:\/\/www.trataresort.si\/hr\/wp-json\/wp\/v2\/media?parent=2257"}],"curies":[{"name":"wp","href":"https:\/\/api.w.org\/{rel}","templated":true}]}}