{"id":2262,"date":"2021-11-23T20:17:35","date_gmt":"2021-11-23T18:08:05","guid":{"rendered":"https:\/\/www.trataresort.si\/?page_id=2262"},"modified":"2024-07-31T13:47:02","modified_gmt":"2024-07-31T11:47:02","slug":"apartma-10","status":"publish","type":"page","link":"https:\/\/www.trataresort.si\/hr\/nastanitve\/domacija\/apartma-10\/","title":{"rendered":"Apartman 6+4 DE LUXE ART (br. 10)"},"content":{"rendered":"<div data-elementor-type=\"wp-page\" data-elementor-id=\"2262\" class=\"elementor elementor-2262\">\n\t\t\t\t\t\t<section class=\"elementor-section elementor-top-section elementor-element elementor-element-51d7f977 elementor-section-height-min-height elementor-section-items-top elementor-section-content-top elementor-section-stretched elementor-section-boxed elementor-section-height-default\" data-id=\"51d7f977\" data-element_type=\"section\" data-settings=\"{&quot;stretch_section&quot;:&quot;section-stretched&quot;,&quot;background_background&quot;:&quot;slideshow&quot;,&quot;background_slideshow_gallery&quot;:[{&quot;id&quot;:4476,&quot;url&quot;:&quot;https:\\\/\\\/www.trataresort.si\\\/wp-content\\\/uploads\\\/2021\\\/12\\\/Dizajnersko-app10.jpg&quot;}],&quot;background_slideshow_loop&quot;:&quot;yes&quot;,&quot;background_slideshow_slide_duration&quot;:5000,&quot;background_slideshow_slide_transition&quot;:&quot;fade&quot;,&quot;background_slideshow_transition_duration&quot;:500}\">\n\t\t\t\t\t\t\t<div class=\"elementor-background-overlay\"><\/div>\n\t\t\t\t\t\t\t<div class=\"elementor-container elementor-column-gap-default\">\n\t\t\t\t\t<div class=\"elementor-column elementor-col-100 elementor-top-column elementor-element elementor-element-5c7cfb2f\" data-id=\"5c7cfb2f\" data-element_type=\"column\">\n\t\t\t<div class=\"elementor-widget-wrap elementor-element-populated\">\n\t\t\t\t\t\t<div class=\"elementor-element elementor-element-7e956fa7 elementor-widget elementor-widget-heading\" data-id=\"7e956fa7\" data-element_type=\"widget\" data-widget_type=\"heading.default\">\n\t\t\t\t<div class=\"elementor-widget-container\">\n\t\t\t\t\t<h1 class=\"elementor-heading-title elementor-size-default\">DIZAJNERSKI<\/h1>\t\t\t\t<\/div>\n\t\t\t\t<\/div>\n\t\t\t\t\t<\/div>\n\t\t<\/div>\n\t\t\t\t\t<\/div>\n\t\t<\/section>\n\t\t\t\t<section class=\"elementor-section elementor-top-section elementor-element elementor-element-693e559d elementor-section-stretched elementor-section-boxed elementor-section-height-default elementor-section-height-default\" data-id=\"693e559d\" data-element_type=\"section\" data-settings=\"{&quot;stretch_section&quot;:&quot;section-stretched&quot;}\">\n\t\t\t\t\t\t<div class=\"elementor-container elementor-column-gap-default\">\n\t\t\t\t\t<div class=\"elementor-column elementor-col-50 elementor-top-column elementor-element elementor-element-14642e76\" data-id=\"14642e76\" data-element_type=\"column\">\n\t\t\t<div class=\"elementor-widget-wrap elementor-element-populated\">\n\t\t\t\t\t\t<div class=\"elementor-element elementor-element-5cec10d9 elementor-widget elementor-widget-heading\" data-id=\"5cec10d9\" data-element_type=\"widget\" data-widget_type=\"heading.default\">\n\t\t\t\t<div class=\"elementor-widget-container\">\n\t\t\t\t\t<h2 class=\"elementor-heading-title elementor-size-default\">[bentral-text type=&quot;title&quot;]: NEMA ID-A OBJAVE<\/h2>\t\t\t\t<\/div>\n\t\t\t\t<\/div>\n\t\t\t\t<div class=\"elementor-element elementor-element-5f64bea8 elementor-widget elementor-widget-text-editor\" data-id=\"5f64bea8\" data-element_type=\"widget\" data-widget_type=\"text-editor.default\">\n\t\t\t\t<div class=\"elementor-widget-container\">\n\t\t\t\t\t\t\t\t\t<p><span style=\"font-size: 14px; line-height: 27px; color: #878788; float: left; letter-spacing: 2px; font-family: 'Roboto', sans-serif; margin-right: 10px;\">NEMA POST ID-a<\/span><\/p><p>***<\/p>\t\t\t\t\t\t\t\t<\/div>\n\t\t\t\t<\/div>\n\t\t\t\t<div class=\"elementor-element elementor-element-d93e923 elementor-widget elementor-widget-text-editor\" data-id=\"d93e923\" data-element_type=\"widget\" data-widget_type=\"text-editor.default\">\n\t\t\t\t<div class=\"elementor-widget-container\">\n\t\t\t\t\t\t\t\t\t<p>[bentral-widget type=&quot;reviews&quot;]: NEMA ID-A OBJAVE: NEMA ID-A OBJAVE: NEMA ID-A OBJAVE: NEMA ID-A OBJAVE<\/p>\t\t\t\t\t\t\t\t<\/div>\n\t\t\t\t<\/div>\n\t\t\t\t<section class=\"elementor-section elementor-inner-section elementor-element elementor-element-64b042ff elementor-section-boxed elementor-section-height-default elementor-section-height-default\" data-id=\"64b042ff\" data-element_type=\"section\">\n\t\t\t\t\t\t<div class=\"elementor-container elementor-column-gap-default\">\n\t\t\t\t\t<div class=\"elementor-column elementor-col-20 elementor-inner-column elementor-element elementor-element-43819933\" data-id=\"43819933\" data-element_type=\"column\">\n\t\t\t<div class=\"elementor-widget-wrap elementor-element-populated\">\n\t\t\t\t\t\t<div class=\"elementor-element elementor-element-20f57eed elementor-widget elementor-widget-image\" data-id=\"20f57eed\" data-element_type=\"widget\" data-widget_type=\"image.default\">\n\t\t\t\t<div class=\"elementor-widget-container\">\n\t\t\t\t\t\t\t\t\t\t\t\t\t\t\t<img decoding=\"async\" width=\"150\" height=\"150\" src=\"https:\/\/www.trataresort.si\/wp-content\/uploads\/2022\/01\/2-Osebe-150x150.png\" class=\"attachment-thumbnail size-thumbnail wp-image-6600\" alt=\"\" srcset=\"https:\/\/www.trataresort.si\/wp-content\/uploads\/2022\/01\/2-Osebe-150x150.png 150w, https:\/\/www.trataresort.si\/wp-content\/uploads\/2022\/01\/2-Osebe-300x300.png 300w, https:\/\/www.trataresort.si\/wp-content\/uploads\/2022\/01\/2-Osebe.png 406w\" sizes=\"(max-width: 150px) 100vw, 150px\" \/>\t\t\t\t\t\t\t\t\t\t\t\t\t\t\t<\/div>\n\t\t\t\t<\/div>\n\t\t\t\t<div class=\"elementor-element elementor-element-4f2364a2 elementor-widget elementor-widget-text-editor\" data-id=\"4f2364a2\" data-element_type=\"widget\" data-widget_type=\"text-editor.default\">\n\t\t\t\t<div class=\"elementor-widget-container\">\n\t\t\t\t\t\t\t\t\t<p>DO 10 OSOBA<\/p>\t\t\t\t\t\t\t\t<\/div>\n\t\t\t\t<\/div>\n\t\t\t\t\t<\/div>\n\t\t<\/div>\n\t\t\t\t<div class=\"elementor-column elementor-col-20 elementor-inner-column elementor-element elementor-element-6e335b99\" data-id=\"6e335b99\" data-element_type=\"column\">\n\t\t\t<div class=\"elementor-widget-wrap elementor-element-populated\">\n\t\t\t\t\t\t<div class=\"elementor-element elementor-element-24a58a54 elementor-widget elementor-widget-image\" data-id=\"24a58a54\" data-element_type=\"widget\" data-widget_type=\"image.default\">\n\t\t\t\t<div class=\"elementor-widget-container\">\n\t\t\t\t\t\t\t\t\t\t\t\t\t\t\t<img decoding=\"async\" width=\"150\" height=\"150\" src=\"https:\/\/www.trataresort.si\/wp-content\/uploads\/2022\/01\/2-Soba-150x150.png\" class=\"attachment-thumbnail size-thumbnail wp-image-6607\" alt=\"\" srcset=\"https:\/\/www.trataresort.si\/wp-content\/uploads\/2022\/01\/2-Soba-150x150.png 150w, https:\/\/www.trataresort.si\/wp-content\/uploads\/2022\/01\/2-Soba-300x300.png 300w, https:\/\/www.trataresort.si\/wp-content\/uploads\/2022\/01\/2-Soba.png 406w\" sizes=\"(max-width: 150px) 100vw, 150px\" \/>\t\t\t\t\t\t\t\t\t\t\t\t\t\t\t<\/div>\n\t\t\t\t<\/div>\n\t\t\t\t<div class=\"elementor-element elementor-element-82b6d47 elementor-widget elementor-widget-text-editor\" data-id=\"82b6d47\" data-element_type=\"widget\" data-widget_type=\"text-editor.default\">\n\t\t\t\t<div class=\"elementor-widget-container\">\n\t\t\t\t\t\t\t\t\t<p>3 SPAVA\u0106E<\/p>\t\t\t\t\t\t\t\t<\/div>\n\t\t\t\t<\/div>\n\t\t\t\t\t<\/div>\n\t\t<\/div>\n\t\t\t\t<div class=\"elementor-column elementor-col-20 elementor-inner-column elementor-element elementor-element-4ef9023\" data-id=\"4ef9023\" data-element_type=\"column\">\n\t\t\t<div class=\"elementor-widget-wrap elementor-element-populated\">\n\t\t\t\t\t\t<div class=\"elementor-element elementor-element-a243bcf elementor-widget elementor-widget-image\" data-id=\"a243bcf\" data-element_type=\"widget\" data-widget_type=\"image.default\">\n\t\t\t\t<div class=\"elementor-widget-container\">\n\t\t\t\t\t\t\t\t\t\t\t\t\t\t\t<img decoding=\"async\" width=\"150\" height=\"150\" src=\"https:\/\/www.trataresort.si\/wp-content\/uploads\/2022\/01\/2-Kopalnica-150x150.png\" class=\"attachment-thumbnail size-thumbnail wp-image-6608\" alt=\"\" srcset=\"https:\/\/www.trataresort.si\/wp-content\/uploads\/2022\/01\/2-Kopalnica-150x150.png 150w, https:\/\/www.trataresort.si\/wp-content\/uploads\/2022\/01\/2-Kopalnica-300x300.png 300w, https:\/\/www.trataresort.si\/wp-content\/uploads\/2022\/01\/2-Kopalnica.png 406w\" sizes=\"(max-width: 150px) 100vw, 150px\" \/>\t\t\t\t\t\t\t\t\t\t\t\t\t\t\t<\/div>\n\t\t\t\t<\/div>\n\t\t\t\t<div class=\"elementor-element elementor-element-6887370 elementor-widget elementor-widget-text-editor\" data-id=\"6887370\" data-element_type=\"widget\" data-widget_type=\"text-editor.default\">\n\t\t\t\t<div class=\"elementor-widget-container\">\n\t\t\t\t\t\t\t\t\t<p>2 KUPAONICE<\/p>\t\t\t\t\t\t\t\t<\/div>\n\t\t\t\t<\/div>\n\t\t\t\t\t<\/div>\n\t\t<\/div>\n\t\t\t\t<div class=\"elementor-column elementor-col-20 elementor-inner-column elementor-element elementor-element-49c14aa\" data-id=\"49c14aa\" data-element_type=\"column\">\n\t\t\t<div class=\"elementor-widget-wrap elementor-element-populated\">\n\t\t\t\t\t\t<div class=\"elementor-element elementor-element-09887ed elementor-widget elementor-widget-image\" data-id=\"09887ed\" data-element_type=\"widget\" data-widget_type=\"image.default\">\n\t\t\t\t<div class=\"elementor-widget-container\">\n\t\t\t\t\t\t\t\t\t\t\t\t\t\t\t<img loading=\"lazy\" decoding=\"async\" width=\"150\" height=\"150\" src=\"https:\/\/www.trataresort.si\/wp-content\/uploads\/2022\/01\/2-Balkon-150x150.png\" class=\"attachment-thumbnail size-thumbnail wp-image-6621\" alt=\"\" srcset=\"https:\/\/www.trataresort.si\/wp-content\/uploads\/2022\/01\/2-Balkon-150x150.png 150w, https:\/\/www.trataresort.si\/wp-content\/uploads\/2022\/01\/2-Balkon-300x300.png 300w, https:\/\/www.trataresort.si\/wp-content\/uploads\/2022\/01\/2-Balkon.png 406w\" sizes=\"(max-width: 150px) 100vw, 150px\" \/>\t\t\t\t\t\t\t\t\t\t\t\t\t\t\t<\/div>\n\t\t\t\t<\/div>\n\t\t\t\t<div class=\"elementor-element elementor-element-d3ea1d2 elementor-widget elementor-widget-text-editor\" data-id=\"d3ea1d2\" data-element_type=\"widget\" data-widget_type=\"text-editor.default\">\n\t\t\t\t<div class=\"elementor-widget-container\">\n\t\t\t\t\t\t\t\t\t<p>BALKON<\/p>\t\t\t\t\t\t\t\t<\/div>\n\t\t\t\t<\/div>\n\t\t\t\t\t<\/div>\n\t\t<\/div>\n\t\t\t\t<div class=\"elementor-column elementor-col-20 elementor-inner-column elementor-element elementor-element-5c5f613c\" data-id=\"5c5f613c\" data-element_type=\"column\">\n\t\t\t<div class=\"elementor-widget-wrap elementor-element-populated\">\n\t\t\t\t\t\t<div class=\"elementor-element elementor-element-28f9f900 elementor-widget elementor-widget-image\" data-id=\"28f9f900\" data-element_type=\"widget\" data-widget_type=\"image.default\">\n\t\t\t\t<div class=\"elementor-widget-container\">\n\t\t\t\t\t\t\t\t\t\t\t\t\t\t\t<img loading=\"lazy\" decoding=\"async\" width=\"150\" height=\"150\" src=\"https:\/\/www.trataresort.si\/wp-content\/uploads\/2022\/01\/2-Kvadratura-150x150.png\" class=\"attachment-thumbnail size-thumbnail wp-image-6602\" alt=\"\" srcset=\"https:\/\/www.trataresort.si\/wp-content\/uploads\/2022\/01\/2-Kvadratura-150x150.png 150w, https:\/\/www.trataresort.si\/wp-content\/uploads\/2022\/01\/2-Kvadratura-300x300.png 300w, https:\/\/www.trataresort.si\/wp-content\/uploads\/2022\/01\/2-Kvadratura.png 406w\" sizes=\"(max-width: 150px) 100vw, 150px\" \/>\t\t\t\t\t\t\t\t\t\t\t\t\t\t\t<\/div>\n\t\t\t\t<\/div>\n\t\t\t\t<div class=\"elementor-element elementor-element-13cabbd4 elementor-widget elementor-widget-text-editor\" data-id=\"13cabbd4\" data-element_type=\"widget\" data-widget_type=\"text-editor.default\">\n\t\t\t\t<div class=\"elementor-widget-container\">\n\t\t\t\t\t\t\t\t\t<p>NEMA POST ID-a<\/p>\t\t\t\t\t\t\t\t<\/div>\n\t\t\t\t<\/div>\n\t\t\t\t\t<\/div>\n\t\t<\/div>\n\t\t\t\t\t<\/div>\n\t\t<\/section>\n\t\t\t\t<div class=\"elementor-element elementor-element-181f871b elementor-widget elementor-widget-text-editor\" data-id=\"181f871b\" data-element_type=\"widget\" data-widget_type=\"text-editor.default\">\n\t\t\t\t<div class=\"elementor-widget-container\">\n\t\t\t\t\t\t\t\t\t<p>Nalazi se na drugom katu. Nudi veliki dnevni boravak, koji uklju\u010duje jedinstvenu crnu kuhinju. Dnevni boravak ima \u010detiri kreveta za jednu osobu 90 x 200, tri odvojene spava\u0107e sobe imaju bra\u010dne krevete 2 x 90 x 200, dvije kupaonice (tu\u0161, WC) i veliki balkon, s kojeg se pru\u017ea prekrasan pogled na planinu \u0160pik s dodatnom atrakcijom - dva kreveta na balkonu za odmor.&nbsp;<\/p><p><br><\/p>\n<p><\/p>\n<p><span style=\"text-decoration: underline;\"><strong>Oprema:<\/strong><\/span> LCD TV, Wi-Fi, perilica posu\u0111a, kerami\u010dki \u0161tednjak, pe\u0107nica, plinska plo\u010da, mikrovalna pe\u0107nica, hladnjak sa zamrziva\u010dem, bojler, aparat za kavu, kuhinjski pribor, su\u0161ilo za kosu, posteljina i ru\u010dnici.<\/p>\n<p><\/p>\t\t\t\t\t\t\t\t<\/div>\n\t\t\t\t<\/div>\n\t\t\t\t<div class=\"elementor-element elementor-element-7a2647eb elementor-widget elementor-widget-heading\" data-id=\"7a2647eb\" data-element_type=\"widget\" data-widget_type=\"heading.default\">\n\t\t\t\t<div class=\"elementor-widget-container\">\n\t\t\t\t\t<h1 class=\"elementor-heading-title elementor-size-default\">PRO\u0160ETAJTE PO APARTMANU<\/h1>\t\t\t\t<\/div>\n\t\t\t\t<\/div>\n\t\t\t\t<div class=\"elementor-element elementor-element-d4e6bd4 elementor-widget elementor-widget-video\" data-id=\"d4e6bd4\" data-element_type=\"widget\" data-settings=\"{&quot;youtube_url&quot;:&quot;youtube.com\\\/watch?v=h9KjZjzXKg4&quot;,&quot;video_type&quot;:&quot;youtube&quot;,&quot;controls&quot;:&quot;yes&quot;}\" data-widget_type=\"video.default\">\n\t\t\t\t<div class=\"elementor-widget-container\">\n\t\t\t\t\t\t\t<div class=\"elementor-wrapper elementor-open-inline\">\n\t\t\t<div class=\"elementor-video\"><\/div>\t\t<\/div>\n\t\t\t\t\t\t<\/div>\n\t\t\t\t<\/div>\n\t\t\t\t\t<\/div>\n\t\t<\/div>\n\t\t\t\t<div class=\"elementor-column elementor-col-50 elementor-top-column elementor-element elementor-element-2b70ddb1\" data-id=\"2b70ddb1\" data-element_type=\"column\">\n\t\t\t<div class=\"elementor-widget-wrap elementor-element-populated\">\n\t\t\t\t\t\t<div class=\"elementor-element elementor-element-47211b80 elementor-widget elementor-widget-shortcode\" data-id=\"47211b80\" data-element_type=\"widget\" data-widget_type=\"shortcode.default\">\n\t\t\t\t<div class=\"elementor-widget-container\">\n\t\t\t\t\t\t\t<div class=\"elementor-shortcode\">[bentral-widget type=&quot;reservation&quot;]: NEMA ID-A OBJAVE: NEMA ID-a OBJAVE<\/div>\n\t\t\t\t\t\t<\/div>\n\t\t\t\t<\/div>\n\t\t\t\t\t<\/div>\n\t\t<\/div>\n\t\t\t\t\t<\/div>\n\t\t<\/section>\n\t\t\t\t<section class=\"elementor-section elementor-top-section elementor-element elementor-element-9c56b76 elementor-section-stretched elementor-section-boxed elementor-section-height-default elementor-section-height-default\" data-id=\"9c56b76\" data-element_type=\"section\" data-settings=\"{&quot;stretch_section&quot;:&quot;section-stretched&quot;,&quot;background_background&quot;:&quot;classic&quot;}\">\n\t\t\t\t\t\t<div class=\"elementor-container elementor-column-gap-default\">\n\t\t\t\t\t<div class=\"elementor-column elementor-col-100 elementor-top-column elementor-element elementor-element-4771d16\" data-id=\"4771d16\" data-element_type=\"column\">\n\t\t\t<div class=\"elementor-widget-wrap elementor-element-populated\">\n\t\t\t\t\t\t<div class=\"elementor-element elementor-element-f7ef7a5 elementor-widget elementor-widget-text-editor\" data-id=\"f7ef7a5\" data-element_type=\"widget\" data-widget_type=\"text-editor.default\">\n\t\t\t\t<div class=\"elementor-widget-container\">\n\t\t\t\t\t\t\t\t\t<p>[bentralni_kalendar]<br \/>[bentral-widget type=&quot;price&quot;]: NEMA ID-A OBJAVE: NEMA ID-A OBJAVE: NEMA ID-A OBJAVE: NEMA ID-A OBJAVE<\/p>\t\t\t\t\t\t\t\t<\/div>\n\t\t\t\t<\/div>\n\t\t\t\t\t<\/div>\n\t\t<\/div>\n\t\t\t\t\t<\/div>\n\t\t<\/section>\n\t\t\t\t<section class=\"elementor-section elementor-top-section elementor-element elementor-element-e690718 elementor-section-boxed elementor-section-height-default elementor-section-height-default\" data-id=\"e690718\" data-element_type=\"section\">\n\t\t\t\t\t\t<div class=\"elementor-container elementor-column-gap-default\">\n\t\t\t\t\t<div class=\"elementor-column elementor-col-100 elementor-top-column elementor-element elementor-element-4018d8e\" data-id=\"4018d8e\" data-element_type=\"column\">\n\t\t\t<div class=\"elementor-widget-wrap\">\n\t\t\t\t\t\t\t<\/div>\n\t\t<\/div>\n\t\t\t\t\t<\/div>\n\t\t<\/section>\n\t\t\t\t<\/div>","protected":false},"excerpt":{"rendered":"<p>DIZAJN *** DO 10 OSOBA 3 SPAVA\u0106E SOBE 2 KUPAONICE BALKON Nalazi se na drugom katu. Nudi veliki dnevni boravak \u010diji je sastavni dio i unikatna crna kuhinja. U dnevnom boravku se nalaze \u010detiri le\u017eaja sa singl le\u017eajevima dimenzija 90 X 200, u tri odvojene spava\u0107e sobe su bra\u010dni kreveti dimenzija 2 x 90 x 200, ima dva [...]<\/p>","protected":false},"author":1,"featured_media":0,"parent":4441,"menu_order":6,"comment_status":"closed","ping_status":"closed","template":"","meta":{"footnotes":""},"class_list":["post-2262","page","type-page","status-publish","hentry"],"_links":{"self":[{"href":"https:\/\/www.trataresort.si\/hr\/wp-json\/wp\/v2\/pages\/2262","targetHints":{"allow":["GET"]}}],"collection":[{"href":"https:\/\/www.trataresort.si\/hr\/wp-json\/wp\/v2\/pages"}],"about":[{"href":"https:\/\/www.trataresort.si\/hr\/wp-json\/wp\/v2\/types\/page"}],"author":[{"embeddable":true,"href":"https:\/\/www.trataresort.si\/hr\/wp-json\/wp\/v2\/users\/1"}],"replies":[{"embeddable":true,"href":"https:\/\/www.trataresort.si\/hr\/wp-json\/wp\/v2\/comments?post=2262"}],"version-history":[{"count":66,"href":"https:\/\/www.trataresort.si\/hr\/wp-json\/wp\/v2\/pages\/2262\/revisions"}],"predecessor-version":[{"id":7943,"href":"https:\/\/www.trataresort.si\/hr\/wp-json\/wp\/v2\/pages\/2262\/revisions\/7943"}],"up":[{"embeddable":true,"href":"https:\/\/www.trataresort.si\/hr\/wp-json\/wp\/v2\/pages\/4441"}],"wp:attachment":[{"href":"https:\/\/www.trataresort.si\/hr\/wp-json\/wp\/v2\/media?parent=2262"}],"curies":[{"name":"wp","href":"https:\/\/api.w.org\/{rel}","templated":true}]}}