{"id":4441,"date":"2021-12-08T11:21:36","date_gmt":"2021-12-08T10:21:36","guid":{"rendered":"https:\/\/www.trataresort.si\/?page_id=4441"},"modified":"2024-07-09T14:28:28","modified_gmt":"2024-07-09T12:28:28","slug":"domacija","status":"publish","type":"page","link":"https:\/\/www.trataresort.si\/hr\/nastanitve\/domacija\/","title":{"rendered":"Country House"},"content":{"rendered":"<div data-elementor-type=\"wp-page\" data-elementor-id=\"4441\" class=\"elementor elementor-4441\">\n\t\t\t\t\t\t<section class=\"elementor-section elementor-top-section elementor-element elementor-element-68a9375e elementor-section-height-min-height elementor-section-content-middle elementor-section-stretched elementor-section-boxed elementor-section-height-default elementor-section-items-middle\" data-id=\"68a9375e\" data-element_type=\"section\" data-settings=\"{&quot;stretch_section&quot;:&quot;section-stretched&quot;,&quot;background_background&quot;:&quot;slideshow&quot;,&quot;background_slideshow_gallery&quot;:[{&quot;id&quot;:1896,&quot;url&quot;:&quot;https:\\\/\\\/www.trataresort.si\\\/wp-content\\\/uploads\\\/2021\\\/11\\\/trataresort-157.jpg&quot;},{&quot;id&quot;:1807,&quot;url&quot;:&quot;https:\\\/\\\/www.trataresort.si\\\/wp-content\\\/uploads\\\/2021\\\/11\\\/trataresort-74.jpg&quot;},{&quot;id&quot;:7737,&quot;url&quot;:&quot;https:\\\/\\\/www.trataresort.si\\\/wp-content\\\/uploads\\\/2024\\\/07\\\/Trata_Resort-2024_154.jpg&quot;}],&quot;background_slideshow_loop&quot;:&quot;yes&quot;,&quot;background_slideshow_slide_duration&quot;:5000,&quot;background_slideshow_slide_transition&quot;:&quot;fade&quot;,&quot;background_slideshow_transition_duration&quot;:500}\">\n\t\t\t\t\t\t\t<div class=\"elementor-background-overlay\"><\/div>\n\t\t\t\t\t\t\t<div class=\"elementor-container elementor-column-gap-default\">\n\t\t\t\t\t<div class=\"elementor-column elementor-col-100 elementor-top-column elementor-element elementor-element-4eca610\" data-id=\"4eca610\" data-element_type=\"column\">\n\t\t\t<div class=\"elementor-widget-wrap\">\n\t\t\t\t\t\t\t<\/div>\n\t\t<\/div>\n\t\t\t\t\t<\/div>\n\t\t<\/section>\n\t\t\t\t<section class=\"elementor-section elementor-top-section elementor-element elementor-element-332999e5 elementor-section-stretched elementor-section-boxed elementor-section-height-default elementor-section-height-default\" data-id=\"332999e5\" data-element_type=\"section\" data-settings=\"{&quot;stretch_section&quot;:&quot;section-stretched&quot;,&quot;background_background&quot;:&quot;classic&quot;}\">\n\t\t\t\t\t\t<div class=\"elementor-container elementor-column-gap-default\">\n\t\t\t\t\t<div class=\"elementor-column elementor-col-100 elementor-top-column elementor-element elementor-element-13eda70\" data-id=\"13eda70\" data-element_type=\"column\">\n\t\t\t<div class=\"elementor-widget-wrap elementor-element-populated\">\n\t\t\t\t\t\t<section class=\"elementor-section elementor-inner-section elementor-element elementor-element-20d7b4ee elementor-section-boxed elementor-section-height-default elementor-section-height-default\" data-id=\"20d7b4ee\" data-element_type=\"section\">\n\t\t\t\t\t\t<div class=\"elementor-container elementor-column-gap-default\">\n\t\t\t\t\t<div class=\"elementor-column elementor-col-100 elementor-inner-column elementor-element elementor-element-34558cbd\" data-id=\"34558cbd\" data-element_type=\"column\">\n\t\t\t<div class=\"elementor-widget-wrap\">\n\t\t\t\t\t\t\t<\/div>\n\t\t<\/div>\n\t\t\t\t\t<\/div>\n\t\t<\/section>\n\t\t\t\t<div class=\"elementor-element elementor-element-548486e elementor-widget elementor-widget-heading\" data-id=\"548486e\" data-element_type=\"widget\" data-widget_type=\"heading.default\">\n\t\t\t\t<div class=\"elementor-widget-container\">\n\t\t\t\t\t<h6 class=\"elementor-heading-title elementor-size-default\">TRATA RESORT<\/h6>\t\t\t\t<\/div>\n\t\t\t\t<\/div>\n\t\t\t\t<div class=\"elementor-element elementor-element-4a186e0c elementor-widget-divider--view-line elementor-widget elementor-widget-divider\" data-id=\"4a186e0c\" data-element_type=\"widget\" data-widget_type=\"divider.default\">\n\t\t\t\t<div class=\"elementor-widget-container\">\n\t\t\t\t\t\t\t<div class=\"elementor-divider\">\n\t\t\t<span class=\"elementor-divider-separator\">\n\t\t\t\t\t\t<\/span>\n\t\t<\/div>\n\t\t\t\t\t\t<\/div>\n\t\t\t\t<\/div>\n\t\t\t\t<div class=\"elementor-element elementor-element-6d8f3f68 elementor-widget elementor-widget-heading\" data-id=\"6d8f3f68\" data-element_type=\"widget\" data-widget_type=\"heading.default\">\n\t\t\t\t<div class=\"elementor-widget-container\">\n\t\t\t\t\t<h6 class=\"elementor-heading-title elementor-size-default\">Country House<\/h6>\t\t\t\t<\/div>\n\t\t\t\t<\/div>\n\t\t\t\t\t<\/div>\n\t\t<\/div>\n\t\t\t\t\t<\/div>\n\t\t<\/section>\n\t\t\t\t<section class=\"elementor-section elementor-top-section elementor-element elementor-element-6fccc074 elementor-section-stretched elementor-section-boxed elementor-section-height-default elementor-section-height-default\" data-id=\"6fccc074\" data-element_type=\"section\" data-settings=\"{&quot;stretch_section&quot;:&quot;section-stretched&quot;,&quot;background_background&quot;:&quot;classic&quot;}\">\n\t\t\t\t\t\t<div class=\"elementor-container elementor-column-gap-default\">\n\t\t\t\t\t<div class=\"elementor-column elementor-col-50 elementor-top-column elementor-element elementor-element-2f797095\" data-id=\"2f797095\" data-element_type=\"column\" data-settings=\"{&quot;background_background&quot;:&quot;classic&quot;}\">\n\t\t\t<div class=\"elementor-widget-wrap elementor-element-populated\">\n\t\t\t\t\t\t<div class=\"elementor-element elementor-element-553808d4 elementor-widget elementor-widget-image\" data-id=\"553808d4\" data-element_type=\"widget\" data-widget_type=\"image.default\">\n\t\t\t\t<div class=\"elementor-widget-container\">\n\t\t\t\t\t\t\t\t\t\t\t\t\t\t\t<img fetchpriority=\"high\" decoding=\"async\" width=\"1024\" height=\"768\" src=\"https:\/\/www.trataresort.si\/wp-content\/uploads\/2024\/07\/IMG_5305-1024x768.jpeg\" class=\"attachment-large size-large wp-image-7738\" alt=\"\" srcset=\"https:\/\/www.trataresort.si\/wp-content\/uploads\/2024\/07\/IMG_5305-1024x768.jpeg 1024w, https:\/\/www.trataresort.si\/wp-content\/uploads\/2024\/07\/IMG_5305-300x225.jpeg 300w, https:\/\/www.trataresort.si\/wp-content\/uploads\/2024\/07\/IMG_5305-768x576.jpeg 768w, https:\/\/www.trataresort.si\/wp-content\/uploads\/2024\/07\/IMG_5305-1536x1152.jpeg 1536w, https:\/\/www.trataresort.si\/wp-content\/uploads\/2024\/07\/IMG_5305-2048x1536.jpeg 2048w, https:\/\/www.trataresort.si\/wp-content\/uploads\/2024\/07\/IMG_5305-16x12.jpeg 16w\" sizes=\"(max-width: 1024px) 100vw, 1024px\" \/>\t\t\t\t\t\t\t\t\t\t\t\t\t\t\t<\/div>\n\t\t\t\t<\/div>\n\t\t\t\t<div class=\"elementor-element elementor-element-3e6a236d elementor-widget elementor-widget-heading\" data-id=\"3e6a236d\" data-element_type=\"widget\" data-widget_type=\"heading.default\">\n\t\t\t\t<div class=\"elementor-widget-container\">\n\t\t\t\t\t<h6 class=\"elementor-heading-title elementor-size-default\">Jedinstveni smje\u0161taj<\/h6>\t\t\t\t<\/div>\n\t\t\t\t<\/div>\n\t\t\t\t<div class=\"elementor-element elementor-element-14cb4df8 elementor-widget elementor-widget-text-editor\" data-id=\"14cb4df8\" data-element_type=\"widget\" data-widget_type=\"text-editor.default\">\n\t\t\t\t<div class=\"elementor-widget-container\">\n\t\t\t\t\t\t\t\t\t<div class=\"bentral-booking block float-left w-full\"><div class=\"bentral-floor\"><img decoding=\"async\" style=\"height: 24px; width: 24px; float: left;\" src=\"https:\/\/www.trataresort.si\/wp-content\/uploads\/2021\/12\/floor.png\" \/><\/div><p class=\"bentral-text\" style=\"float: left; line-height: 32px;\">\u00a07 LUKSUZNIH APARTMANA<\/p><\/div>\t\t\t\t\t\t\t\t<\/div>\n\t\t\t\t<\/div>\n\t\t\t\t<div class=\"elementor-element elementor-element-5801ba41 elementor-widget elementor-widget-text-editor\" data-id=\"5801ba41\" data-element_type=\"widget\" data-widget_type=\"text-editor.default\">\n\t\t\t\t<div class=\"elementor-widget-container\">\n\t\t\t\t\t\t\t\t\t<p>Ova pa\u017eljivo renovirana seoska ku\u0107a \u010duva kulturnu ba\u0161tinu ruralnog okoli\u0161a. Prekrasan pogled na planine, posebno na \u0160pik, i mo\u0107na lipa na livadi ispred country house-a upotpunjuju idili\u010dnu sliku. <br \/>Unutra\u0161njost ku\u0107e je obnovljena s po\u0161tovanjem prema pro\u0161losti. Rad je pa\u017eljivo obavljen s puno ma\u0161te, originalnih ideja i umjetni\u010dkog dodira. Sobe su obnovljene s dozom stila na\u0161ih predaka, koji na \u017ealost polako nestaje, te vje\u0161tim uklju\u010divanjem modernih elemenata koji omogu\u0107avaju normalan \u017eivot. Eksponati su sa\u010duvani, podsje\u0107aju na jednostavno ruralno okru\u017eenje. Grubo obra\u0111eno drvo, prirodna glina i pa\u017eljivo odabrane boje daju osje\u0107aj topline i udobnosti, stvaraju okru\u017eenje u kojem vrijeme stoji. Drveni namje\u0161taj je ru\u010dno izra\u0111en i tretiran prirodnim, ekolo\u0161ki prihvatljivim uljima. Svaki komad namje\u0161taja je jedinstven, inspiraciju majstora mo\u017eete osjetiti ve\u0107 samim ulaskom u sobu. Sve sobe su ukra\u0161ene ru\u010dno izra\u0111enim predmetima, kao \u0161to su glinene lampe, slike te fotografijama, koje \u0107e Vam pru\u017eiti osje\u0107aj boravka u umjetni\u010dkoj galeriji.\nCountry House Trata ima sedam apartmana razli\u010ditih veli\u010dina, opremljenih svime, \u0161to Vam je potrebno za ugodan boravak i dobrobit. Uz imanje se nalazi na\u0161a \u00bbskija\u0161ka soba\u00ab, namijenjena pohrani Va\u0161e skija\u0161ke opreme i bicikala. Imamo puno parking prostora rezervisanog za na\u0161e drage goste. Tako\u0111er imamo \u00bbSPORT&amp;FUN\u00ab sobu u staji, ro\u0161tilj i sportsko igrali\u0161te koji su tako\u0111er dostupni u sklopu objekta.<\/p>\t\t\t\t\t\t\t\t<\/div>\n\t\t\t\t<\/div>\n\t\t\t\t\t<\/div>\n\t\t<\/div>\n\t\t\t\t<div class=\"elementor-column elementor-col-50 elementor-top-column elementor-element elementor-element-1793ea7f\" data-id=\"1793ea7f\" data-element_type=\"column\">\n\t\t\t<div class=\"elementor-widget-wrap elementor-element-populated\">\n\t\t\t\t\t\t<section class=\"elementor-section elementor-inner-section elementor-element elementor-element-31e81f1 elementor-section-boxed elementor-section-height-default elementor-section-height-default\" data-id=\"31e81f1\" data-element_type=\"section\">\n\t\t\t\t\t\t<div class=\"elementor-container elementor-column-gap-default\">\n\t\t\t\t\t<div class=\"elementor-column elementor-col-50 elementor-inner-column elementor-element elementor-element-2e7003d1 click-child pointer\" data-id=\"2e7003d1\" data-element_type=\"column\" data-settings=\"{&quot;background_background&quot;:&quot;classic&quot;}\">\n\t\t\t<div class=\"elementor-widget-wrap elementor-element-populated\">\n\t\t\t\t\t<div class=\"elementor-background-overlay\"><\/div>\n\t\t\t\t\t\t<div class=\"elementor-element elementor-element-47eb53c2 elementor-widget elementor-widget-heading\" data-id=\"47eb53c2\" data-element_type=\"widget\" data-widget_type=\"heading.default\">\n\t\t\t\t<div class=\"elementor-widget-container\">\n\t\t\t\t\t<h2 class=\"elementor-heading-title elementor-size-default\"><a href=\"\/hr\/apartma-4\/\"><span class=\"room-text\">SLATKO<\/span>\n<span class=\"room-text-gold\"><b>STUDIO<\/b><br><i>do 4 osobe<\/i><\/span><\/a><\/h2>\t\t\t\t<\/div>\n\t\t\t\t<\/div>\n\t\t\t\t\t<\/div>\n\t\t<\/div>\n\t\t\t\t<div class=\"elementor-column elementor-col-50 elementor-inner-column elementor-element elementor-element-55a902f1 click-child pointer\" data-id=\"55a902f1\" data-element_type=\"column\" data-settings=\"{&quot;background_background&quot;:&quot;classic&quot;}\">\n\t\t\t<div class=\"elementor-widget-wrap elementor-element-populated\">\n\t\t\t\t\t<div class=\"elementor-background-overlay\"><\/div>\n\t\t\t\t\t\t<div class=\"elementor-element elementor-element-779ad740 elementor-widget elementor-widget-heading\" data-id=\"779ad740\" data-element_type=\"widget\" data-widget_type=\"heading.default\">\n\t\t\t\t<div class=\"elementor-widget-container\">\n\t\t\t\t\t<h2 class=\"elementor-heading-title elementor-size-default\"><a href=\"\/hr\/apartma-5\/\"><span class=\"room-text\">DOMA\u0106E<\/span><span class=\"room-text-gold\"><b>2 SPAVA\u0106E<\/b><br><i>do 10 osoba<\/i><\/span><\/a><\/h2>\t\t\t\t<\/div>\n\t\t\t\t<\/div>\n\t\t\t\t\t<\/div>\n\t\t<\/div>\n\t\t\t\t\t<\/div>\n\t\t<\/section>\n\t\t\t\t<section class=\"elementor-section elementor-inner-section elementor-element elementor-element-9d22100 elementor-section-boxed elementor-section-height-default elementor-section-height-default\" data-id=\"9d22100\" data-element_type=\"section\">\n\t\t\t\t\t\t<div class=\"elementor-container elementor-column-gap-default\">\n\t\t\t\t\t<div class=\"elementor-column elementor-col-50 elementor-inner-column elementor-element elementor-element-24bdc1e0 click-child pointer\" data-id=\"24bdc1e0\" data-element_type=\"column\" data-settings=\"{&quot;background_background&quot;:&quot;classic&quot;}\">\n\t\t\t<div class=\"elementor-widget-wrap elementor-element-populated\">\n\t\t\t\t\t<div class=\"elementor-background-overlay\"><\/div>\n\t\t\t\t\t\t<div class=\"elementor-element elementor-element-3397e9ec elementor-widget elementor-widget-heading\" data-id=\"3397e9ec\" data-element_type=\"widget\" data-widget_type=\"heading.default\">\n\t\t\t\t<div class=\"elementor-widget-container\">\n\t\t\t\t\t<h2 class=\"elementor-heading-title elementor-size-default\"><a href=\"\/hr\/apartma-6\/\"><span class=\"room-text\">PRIJATELJSKI<\/span><span class=\"room-text-gold\"><b>2 SPAVA\u0106E<\/b><br><i>do 6 osoba<\/i><\/span><\/a><\/h2>\t\t\t\t<\/div>\n\t\t\t\t<\/div>\n\t\t\t\t\t<\/div>\n\t\t<\/div>\n\t\t\t\t<div class=\"elementor-column elementor-col-50 elementor-inner-column elementor-element elementor-element-48aea6b5 click-child pointer\" data-id=\"48aea6b5\" data-element_type=\"column\" data-settings=\"{&quot;background_background&quot;:&quot;classic&quot;}\">\n\t\t\t<div class=\"elementor-widget-wrap elementor-element-populated\">\n\t\t\t\t\t<div class=\"elementor-background-overlay\"><\/div>\n\t\t\t\t\t\t<div class=\"elementor-element elementor-element-3b2b73d6 elementor-widget elementor-widget-heading\" data-id=\"3b2b73d6\" data-element_type=\"widget\" data-widget_type=\"heading.default\">\n\t\t\t\t<div class=\"elementor-widget-container\">\n\t\t\t\t\t<h2 class=\"elementor-heading-title elementor-size-default\"><a href=\"\/hr\/apartma-7\/\"><span class=\"room-text\">NJE\u017dAN<\/span><span class=\"room-text-gold\"><b>1 SPAVA\u0106A<\/b><br><i>do 4 osobe<\/i><\/span><\/a><\/h2>\t\t\t\t<\/div>\n\t\t\t\t<\/div>\n\t\t\t\t\t<\/div>\n\t\t<\/div>\n\t\t\t\t\t<\/div>\n\t\t<\/section>\n\t\t\t\t<section class=\"elementor-section elementor-inner-section elementor-element elementor-element-291ee953 elementor-section-boxed elementor-section-height-default elementor-section-height-default\" data-id=\"291ee953\" data-element_type=\"section\">\n\t\t\t\t\t\t<div class=\"elementor-container elementor-column-gap-default\">\n\t\t\t\t\t<div class=\"elementor-column elementor-col-50 elementor-inner-column elementor-element elementor-element-200be4c click-child pointer\" data-id=\"200be4c\" data-element_type=\"column\" data-settings=\"{&quot;background_background&quot;:&quot;classic&quot;}\">\n\t\t\t<div class=\"elementor-widget-wrap elementor-element-populated\">\n\t\t\t\t\t<div class=\"elementor-background-overlay\"><\/div>\n\t\t\t\t\t\t<div class=\"elementor-element elementor-element-246c42a3 elementor-widget elementor-widget-heading\" data-id=\"246c42a3\" data-element_type=\"widget\" data-widget_type=\"heading.default\">\n\t\t\t\t<div class=\"elementor-widget-container\">\n\t\t\t\t\t<h2 class=\"elementor-heading-title elementor-size-default\"><a href=\"\/hr\/apartma-8\/\"><span class=\"room-text\">\u010cAROBAN<\/span><span class=\"room-text-gold\"><b>1 SPAVA\u0106A<\/b><br><i>do 5 osoba<\/i><\/span><\/a><\/h2>\t\t\t\t<\/div>\n\t\t\t\t<\/div>\n\t\t\t\t\t<\/div>\n\t\t<\/div>\n\t\t\t\t<div class=\"elementor-column elementor-col-50 elementor-inner-column elementor-element elementor-element-59439a6f click-child pointer\" data-id=\"59439a6f\" data-element_type=\"column\" data-settings=\"{&quot;background_background&quot;:&quot;classic&quot;}\">\n\t\t\t<div class=\"elementor-widget-wrap elementor-element-populated\">\n\t\t\t\t\t<div class=\"elementor-background-overlay\"><\/div>\n\t\t\t\t\t\t<div class=\"elementor-element elementor-element-1a57ef2 elementor-widget elementor-widget-heading\" data-id=\"1a57ef2\" data-element_type=\"widget\" data-widget_type=\"heading.default\">\n\t\t\t\t<div class=\"elementor-widget-container\">\n\t\t\t\t\t<h2 class=\"elementor-heading-title elementor-size-default\"><a href=\"\/hr\/apartma-9\/\"><span class=\"room-text\">UMJETNI\u010cKI<\/span><span class=\"room-text-gold\"><b>2 SPAVA\u0106E<\/b><br><i>do 8 osoba<\/i><\/span><\/a><\/h2>\t\t\t\t<\/div>\n\t\t\t\t<\/div>\n\t\t\t\t\t<\/div>\n\t\t<\/div>\n\t\t\t\t\t<\/div>\n\t\t<\/section>\n\t\t\t\t<section class=\"elementor-section elementor-inner-section elementor-element elementor-element-6096a552 elementor-section-boxed elementor-section-height-default elementor-section-height-default\" data-id=\"6096a552\" data-element_type=\"section\">\n\t\t\t\t\t\t<div class=\"elementor-container elementor-column-gap-default\">\n\t\t\t\t\t<div class=\"elementor-column elementor-col-50 elementor-inner-column elementor-element elementor-element-6085b74f click-child pointer\" data-id=\"6085b74f\" data-element_type=\"column\" data-settings=\"{&quot;background_background&quot;:&quot;classic&quot;}\">\n\t\t\t<div class=\"elementor-widget-wrap elementor-element-populated\">\n\t\t\t\t\t<div class=\"elementor-background-overlay\"><\/div>\n\t\t\t\t\t\t<div class=\"elementor-element elementor-element-33923656 elementor-widget elementor-widget-heading\" data-id=\"33923656\" data-element_type=\"widget\" data-widget_type=\"heading.default\">\n\t\t\t\t<div class=\"elementor-widget-container\">\n\t\t\t\t\t<h2 class=\"elementor-heading-title elementor-size-default\"><a href=\"\/hr\/apartma-10\/\"><span class=\"room-text\">DIZAJNERSKI<\/span>\n<span class=\"room-text-gold\"><b>3 SPAVA\u0106E<\/b><br><i>do 10 osoba<\/i><\/span><\/a><\/h2>\t\t\t\t<\/div>\n\t\t\t\t<\/div>\n\t\t\t\t\t<\/div>\n\t\t<\/div>\n\t\t\t\t<div class=\"elementor-column elementor-col-50 elementor-inner-column elementor-element elementor-element-5c628c9f\" data-id=\"5c628c9f\" data-element_type=\"column\" data-settings=\"{&quot;background_background&quot;:&quot;classic&quot;}\">\n\t\t\t<div class=\"elementor-widget-wrap\">\n\t\t\t\t\t<div class=\"elementor-background-overlay\"><\/div>\n\t\t\t\t\t\t\t<\/div>\n\t\t<\/div>\n\t\t\t\t\t<\/div>\n\t\t<\/section>\n\t\t\t\t\t<\/div>\n\t\t<\/div>\n\t\t\t\t\t<\/div>\n\t\t<\/section>\n\t\t\t\t<\/div>","protected":false},"excerpt":{"rendered":"<p>TRATA RESORT Doma\u0107instvo Jedinstven smje\u0161taj na imanju od 7 LUKSUZNIH APARTMANA Pa\u017eljivo renovirana seoska ku\u0107a, \u010duvaju\u0107i kulturnu ba\u0161tinu ruralnog okru\u017eenja. Idili\u010dnu sliku zaokru\u017euju prekrasan pogled prema planinama, posebno \u0160piku, te mo\u0107ne lipe na travnjaku ispred ku\u0107e. Interijer ku\u0107e je obnovljen s po\u0161tovanjem prema pro\u0161losti, s puno ma\u0161te, s originalnim idejama i umjetni\u010dkim potezima. Prostorije su [\u2026]<\/p>","protected":false},"author":1,"featured_media":0,"parent":3251,"menu_order":0,"comment_status":"closed","ping_status":"closed","template":"","meta":{"footnotes":""},"class_list":["post-4441","page","type-page","status-publish","hentry"],"_links":{"self":[{"href":"https:\/\/www.trataresort.si\/hr\/wp-json\/wp\/v2\/pages\/4441","targetHints":{"allow":["GET"]}}],"collection":[{"href":"https:\/\/www.trataresort.si\/hr\/wp-json\/wp\/v2\/pages"}],"about":[{"href":"https:\/\/www.trataresort.si\/hr\/wp-json\/wp\/v2\/types\/page"}],"author":[{"embeddable":true,"href":"https:\/\/www.trataresort.si\/hr\/wp-json\/wp\/v2\/users\/1"}],"replies":[{"embeddable":true,"href":"https:\/\/www.trataresort.si\/hr\/wp-json\/wp\/v2\/comments?post=4441"}],"version-history":[{"count":85,"href":"https:\/\/www.trataresort.si\/hr\/wp-json\/wp\/v2\/pages\/4441\/revisions"}],"predecessor-version":[{"id":7756,"href":"https:\/\/www.trataresort.si\/hr\/wp-json\/wp\/v2\/pages\/4441\/revisions\/7756"}],"up":[{"embeddable":true,"href":"https:\/\/www.trataresort.si\/hr\/wp-json\/wp\/v2\/pages\/3251"}],"wp:attachment":[{"href":"https:\/\/www.trataresort.si\/hr\/wp-json\/wp\/v2\/media?parent=4441"}],"curies":[{"name":"wp","href":"https:\/\/api.w.org\/{rel}","templated":true}]}}